{"id":8654,"date":"2023-11-11T13:18:49","date_gmt":"2023-11-11T12:18:49","guid":{"rendered":"https:\/\/shop.bednar.com\/?post_type=product&#038;p=8654"},"modified":"2025-05-13T11:52:39","modified_gmt":"2025-05-13T09:52:39","slug":"card-game-find-a-double-kopirovat","status":"publish","type":"product","link":"https:\/\/shop.bednar.com\/fr\/produit\/card-game-find-a-double-kopirovat\/","title":{"rendered":"Card game \u00ab\u00a0FIND A DOUBLE!\u00a0\u00bb (Kop\u00edrovat)"},"content":{"rendered":"<p>FIND A DOUBLE! is a great game for the whole family!<br \/>\nThe game consists of 31 unique cards. Each of them contains 6 different pictures. Only one of them is repeated on the other randomly selected card.<br \/>\nThe player\u2018s task is to find the matching symbols on both cards as quickly as possible, name them correctly, and create a pair.<\/p>\n<p>Box contents:<br \/>\n31 unique cards with images<br \/>\ninstructions<\/p>\n","protected":false},"excerpt":{"rendered":"<p>FIND A DOUBLE! is a great game for the whole family! The game consists of 31 unique cards. Each of them contains 6 different pictures. Only one of them is repeated on the other randomly selected card. The player\u2018s task is to find the matching symbols on both cards as quickly as possible, name them [&hellip;]<\/p>\n","protected":false},"featured_media":8634,"template":"","meta":{"inline_featured_image":false},"product_brand":[],"product_cat":[164],"product_tag":[],"class_list":{"0":"post-8654","1":"product","2":"type-product","3":"status-publish","4":"has-post-thumbnail","6":"product_cat-autres-objets","7":"product_shipping_class-le-poids","9":"first","10":"instock","11":"taxable","12":"shipping-taxable","13":"purchasable","14":"product-type-simple"},"yoast_head":"<!-- This site is optimized with the Yoast SEO plugin v25.0 - https:\/\/yoast.com\/wordpress\/plugins\/seo\/ -->\n<title>Card game &quot;FIND A DOUBLE!&quot; (Kop\u00edrovat) | Shop BEDNAR FMT<\/title>\n<meta name=\"robots\" content=\"index, follow, max-snippet:-1, max-image-preview:large, max-video-preview:-1\" \/>\n<link rel=\"canonical\" href=\"https:\/\/shop.bednar.com\/fr\/produit\/card-game-find-a-double-kopirovat\/\" \/>\n<meta property=\"og:locale\" content=\"fr_FR\" \/>\n<meta property=\"og:type\" content=\"article\" \/>\n<meta property=\"og:title\" content=\"Card game &quot;FIND A DOUBLE!&quot; (Kop\u00edrovat) | Shop BEDNAR FMT\" \/>\n<meta property=\"og:description\" content=\"FIND A DOUBLE! is a great game for the whole family! The game consists of 31 unique cards. Each of them contains 6 different pictures. Only one of them is repeated on the other randomly selected card. The player\u2018s task is to find the matching symbols on both cards as quickly as possible, name them [&hellip;]\" \/>\n<meta property=\"og:url\" content=\"https:\/\/shop.bednar.com\/fr\/produit\/card-game-find-a-double-kopirovat\/\" \/>\n<meta property=\"og:site_name\" content=\"Shop BEDNAR FMT\" \/>\n<meta property=\"article:publisher\" content=\"https:\/\/www.facebook.com\/BednarFarmMachinery\" \/>\n<meta property=\"article:modified_time\" content=\"2025-05-13T09:52:39+00:00\" \/>\n<meta property=\"og:image\" content=\"https:\/\/shop.bednar.com\/wp-content\/uploads\/2023\/11\/Odznak_24_hours_RECORD_preview.jpg\" \/>\n\t<meta property=\"og:image:width\" content=\"400\" \/>\n\t<meta property=\"og:image:height\" content=\"400\" \/>\n\t<meta property=\"og:image:type\" content=\"image\/jpeg\" \/>\n<meta name=\"twitter:card\" content=\"summary_large_image\" \/>\n<meta name=\"twitter:label1\" content=\"Dur\u00e9e de lecture estim\u00e9e\" \/>\n\t<meta name=\"twitter:data1\" content=\"1 minute\" \/>\n<script type=\"application\/ld+json\" class=\"yoast-schema-graph\">{\"@context\":\"https:\/\/schema.org\",\"@graph\":[{\"@type\":\"WebPage\",\"@id\":\"https:\/\/shop.bednar.com\/fr\/produit\/card-game-find-a-double-kopirovat\/\",\"url\":\"https:\/\/shop.bednar.com\/fr\/produit\/card-game-find-a-double-kopirovat\/\",\"name\":\"Card game \\\"FIND A DOUBLE!\\\" (Kop\u00edrovat) | Shop BEDNAR FMT\",\"isPartOf\":{\"@id\":\"https:\/\/shop.bednar.com\/fr\/#website\"},\"primaryImageOfPage\":{\"@id\":\"https:\/\/shop.bednar.com\/fr\/produit\/card-game-find-a-double-kopirovat\/#primaryimage\"},\"image\":{\"@id\":\"https:\/\/shop.bednar.com\/fr\/produit\/card-game-find-a-double-kopirovat\/#primaryimage\"},\"thumbnailUrl\":\"https:\/\/shop.bednar.com\/wp-content\/uploads\/2023\/11\/Odznak_24_hours_RECORD_preview.jpg\",\"datePublished\":\"2023-11-11T12:18:49+00:00\",\"dateModified\":\"2025-05-13T09:52:39+00:00\",\"breadcrumb\":{\"@id\":\"https:\/\/shop.bednar.com\/fr\/produit\/card-game-find-a-double-kopirovat\/#breadcrumb\"},\"inLanguage\":\"fr-FR\",\"potentialAction\":[{\"@type\":\"ReadAction\",\"target\":[\"https:\/\/shop.bednar.com\/fr\/produit\/card-game-find-a-double-kopirovat\/\"]}]},{\"@type\":\"ImageObject\",\"inLanguage\":\"fr-FR\",\"@id\":\"https:\/\/shop.bednar.com\/fr\/produit\/card-game-find-a-double-kopirovat\/#primaryimage\",\"url\":\"https:\/\/shop.bednar.com\/wp-content\/uploads\/2023\/11\/Odznak_24_hours_RECORD_preview.jpg\",\"contentUrl\":\"https:\/\/shop.bednar.com\/wp-content\/uploads\/2023\/11\/Odznak_24_hours_RECORD_preview.jpg\",\"width\":400,\"height\":400},{\"@type\":\"BreadcrumbList\",\"@id\":\"https:\/\/shop.bednar.com\/fr\/produit\/card-game-find-a-double-kopirovat\/#breadcrumb\",\"itemListElement\":[{\"@type\":\"ListItem\",\"position\":1,\"name\":\"Dom\u016f\",\"item\":\"https:\/\/shop.bednar.com\/fr\/page-daccueil\/\"},{\"@type\":\"ListItem\",\"position\":2,\"name\":\"Produits\",\"item\":\"https:\/\/shop.bednar.com\/fr\/shop\/\"},{\"@type\":\"ListItem\",\"position\":3,\"name\":\"Card game &#8222;FIND A DOUBLE!&#8220; (Kop\u00edrovat)\"}]},{\"@type\":\"WebSite\",\"@id\":\"https:\/\/shop.bednar.com\/fr\/#website\",\"url\":\"https:\/\/shop.bednar.com\/fr\/\",\"name\":\"Shop BEDNAR FMT\",\"description\":\"Kolekce propaga\u010dn\u00edch p\u0159edm\u011bt\u016f inovativn\u00edho v\u00fdrobce modern\u00edch zem\u011bd\u011blsk\u00fdch stroj\u016f\",\"publisher\":{\"@id\":\"https:\/\/shop.bednar.com\/fr\/#organization\"},\"potentialAction\":[{\"@type\":\"SearchAction\",\"target\":{\"@type\":\"EntryPoint\",\"urlTemplate\":\"https:\/\/shop.bednar.com\/fr\/?s={search_term_string}\"},\"query-input\":{\"@type\":\"PropertyValueSpecification\",\"valueRequired\":true,\"valueName\":\"search_term_string\"}}],\"inLanguage\":\"fr-FR\"},{\"@type\":\"Organization\",\"@id\":\"https:\/\/shop.bednar.com\/fr\/#organization\",\"name\":\"BEDNAR FMT\",\"url\":\"https:\/\/shop.bednar.com\/fr\/\",\"logo\":{\"@type\":\"ImageObject\",\"inLanguage\":\"fr-FR\",\"@id\":\"https:\/\/shop.bednar.com\/fr\/#\/schema\/logo\/image\/\",\"url\":\"https:\/\/shop.bednar.com\/wp-content\/uploads\/2019\/10\/Logo_Bednar_Header-transparency.png\",\"contentUrl\":\"https:\/\/shop.bednar.com\/wp-content\/uploads\/2019\/10\/Logo_Bednar_Header-transparency.png\",\"width\":190,\"height\":60,\"caption\":\"BEDNAR FMT\"},\"image\":{\"@id\":\"https:\/\/shop.bednar.com\/fr\/#\/schema\/logo\/image\/\"},\"sameAs\":[\"https:\/\/www.facebook.com\/BednarFarmMachinery\",\"https:\/\/www.instagram.com\/bednarfmt\/\",\"https:\/\/www.linkedin.com\/company\/bednar-fmt-s-r-o-\/\",\"https:\/\/www.youtube.com\/channel\/UCLJXfzzR6E4CnyBEFUTAibQ\"]}]}<\/script>\n<!-- \/ Yoast SEO plugin. -->","yoast_head_json":{"title":"Card game \"FIND A DOUBLE!\" (Kop\u00edrovat) | Shop BEDNAR FMT","robots":{"index":"index","follow":"follow","max-snippet":"max-snippet:-1","max-image-preview":"max-image-preview:large","max-video-preview":"max-video-preview:-1"},"canonical":"https:\/\/shop.bednar.com\/fr\/produit\/card-game-find-a-double-kopirovat\/","og_locale":"fr_FR","og_type":"article","og_title":"Card game \"FIND A DOUBLE!\" (Kop\u00edrovat) | Shop BEDNAR FMT","og_description":"FIND A DOUBLE! is a great game for the whole family! The game consists of 31 unique cards. Each of them contains 6 different pictures. Only one of them is repeated on the other randomly selected card. The player\u2018s task is to find the matching symbols on both cards as quickly as possible, name them [&hellip;]","og_url":"https:\/\/shop.bednar.com\/fr\/produit\/card-game-find-a-double-kopirovat\/","og_site_name":"Shop BEDNAR FMT","article_publisher":"https:\/\/www.facebook.com\/BednarFarmMachinery","article_modified_time":"2025-05-13T09:52:39+00:00","og_image":[{"width":400,"height":400,"url":"https:\/\/shop.bednar.com\/wp-content\/uploads\/2023\/11\/Odznak_24_hours_RECORD_preview.jpg","type":"image\/jpeg"}],"twitter_card":"summary_large_image","twitter_misc":{"Dur\u00e9e de lecture estim\u00e9e":"1 minute"},"schema":{"@context":"https:\/\/schema.org","@graph":[{"@type":"WebPage","@id":"https:\/\/shop.bednar.com\/fr\/produit\/card-game-find-a-double-kopirovat\/","url":"https:\/\/shop.bednar.com\/fr\/produit\/card-game-find-a-double-kopirovat\/","name":"Card game \"FIND A DOUBLE!\" (Kop\u00edrovat) | Shop BEDNAR FMT","isPartOf":{"@id":"https:\/\/shop.bednar.com\/fr\/#website"},"primaryImageOfPage":{"@id":"https:\/\/shop.bednar.com\/fr\/produit\/card-game-find-a-double-kopirovat\/#primaryimage"},"image":{"@id":"https:\/\/shop.bednar.com\/fr\/produit\/card-game-find-a-double-kopirovat\/#primaryimage"},"thumbnailUrl":"https:\/\/shop.bednar.com\/wp-content\/uploads\/2023\/11\/Odznak_24_hours_RECORD_preview.jpg","datePublished":"2023-11-11T12:18:49+00:00","dateModified":"2025-05-13T09:52:39+00:00","breadcrumb":{"@id":"https:\/\/shop.bednar.com\/fr\/produit\/card-game-find-a-double-kopirovat\/#breadcrumb"},"inLanguage":"fr-FR","potentialAction":[{"@type":"ReadAction","target":["https:\/\/shop.bednar.com\/fr\/produit\/card-game-find-a-double-kopirovat\/"]}]},{"@type":"ImageObject","inLanguage":"fr-FR","@id":"https:\/\/shop.bednar.com\/fr\/produit\/card-game-find-a-double-kopirovat\/#primaryimage","url":"https:\/\/shop.bednar.com\/wp-content\/uploads\/2023\/11\/Odznak_24_hours_RECORD_preview.jpg","contentUrl":"https:\/\/shop.bednar.com\/wp-content\/uploads\/2023\/11\/Odznak_24_hours_RECORD_preview.jpg","width":400,"height":400},{"@type":"BreadcrumbList","@id":"https:\/\/shop.bednar.com\/fr\/produit\/card-game-find-a-double-kopirovat\/#breadcrumb","itemListElement":[{"@type":"ListItem","position":1,"name":"Dom\u016f","item":"https:\/\/shop.bednar.com\/fr\/page-daccueil\/"},{"@type":"ListItem","position":2,"name":"Produits","item":"https:\/\/shop.bednar.com\/fr\/shop\/"},{"@type":"ListItem","position":3,"name":"Card game &#8222;FIND A DOUBLE!&#8220; (Kop\u00edrovat)"}]},{"@type":"WebSite","@id":"https:\/\/shop.bednar.com\/fr\/#website","url":"https:\/\/shop.bednar.com\/fr\/","name":"Shop BEDNAR FMT","description":"Kolekce propaga\u010dn\u00edch p\u0159edm\u011bt\u016f inovativn\u00edho v\u00fdrobce modern\u00edch zem\u011bd\u011blsk\u00fdch stroj\u016f","publisher":{"@id":"https:\/\/shop.bednar.com\/fr\/#organization"},"potentialAction":[{"@type":"SearchAction","target":{"@type":"EntryPoint","urlTemplate":"https:\/\/shop.bednar.com\/fr\/?s={search_term_string}"},"query-input":{"@type":"PropertyValueSpecification","valueRequired":true,"valueName":"search_term_string"}}],"inLanguage":"fr-FR"},{"@type":"Organization","@id":"https:\/\/shop.bednar.com\/fr\/#organization","name":"BEDNAR FMT","url":"https:\/\/shop.bednar.com\/fr\/","logo":{"@type":"ImageObject","inLanguage":"fr-FR","@id":"https:\/\/shop.bednar.com\/fr\/#\/schema\/logo\/image\/","url":"https:\/\/shop.bednar.com\/wp-content\/uploads\/2019\/10\/Logo_Bednar_Header-transparency.png","contentUrl":"https:\/\/shop.bednar.com\/wp-content\/uploads\/2019\/10\/Logo_Bednar_Header-transparency.png","width":190,"height":60,"caption":"BEDNAR FMT"},"image":{"@id":"https:\/\/shop.bednar.com\/fr\/#\/schema\/logo\/image\/"},"sameAs":["https:\/\/www.facebook.com\/BednarFarmMachinery","https:\/\/www.instagram.com\/bednarfmt\/","https:\/\/www.linkedin.com\/company\/bednar-fmt-s-r-o-\/","https:\/\/www.youtube.com\/channel\/UCLJXfzzR6E4CnyBEFUTAibQ"]}]}},"_links":{"self":[{"href":"https:\/\/shop.bednar.com\/fr\/wp-json\/wp\/v2\/product\/8654","targetHints":{"allow":["GET"]}}],"collection":[{"href":"https:\/\/shop.bednar.com\/fr\/wp-json\/wp\/v2\/product"}],"about":[{"href":"https:\/\/shop.bednar.com\/fr\/wp-json\/wp\/v2\/types\/product"}],"wp:featuredmedia":[{"embeddable":true,"href":"https:\/\/shop.bednar.com\/fr\/wp-json\/wp\/v2\/media\/8634"}],"wp:attachment":[{"href":"https:\/\/shop.bednar.com\/fr\/wp-json\/wp\/v2\/media?parent=8654"}],"wp:term":[{"taxonomy":"product_brand","embeddable":true,"href":"https:\/\/shop.bednar.com\/fr\/wp-json\/wp\/v2\/product_brand?post=8654"},{"taxonomy":"product_cat","embeddable":true,"href":"https:\/\/shop.bednar.com\/fr\/wp-json\/wp\/v2\/product_cat?post=8654"},{"taxonomy":"product_tag","embeddable":true,"href":"https:\/\/shop.bednar.com\/fr\/wp-json\/wp\/v2\/product_tag?post=8654"}],"curies":[{"name":"wp","href":"https:\/\/api.w.org\/{rel}","templated":true}]}}