{"id":4663,"date":"2019-08-27T10:51:01","date_gmt":"2019-08-27T08:51:01","guid":{"rendered":"https:\/\/shop.bednar.com\/produkt\/panska-pracovni-bunda\/"},"modified":"2025-10-01T13:39:29","modified_gmt":"2025-10-01T11:39:29","slug":"veste-de-travail-pour-homme","status":"publish","type":"product","link":"https:\/\/shop.bednar.com\/fr\/produit\/veste-de-travail-pour-homme\/","title":{"rendered":"Veste de travail"},"content":{"rendered":"<p>Veste de travail gris-noir avec logos BEDNAR et JOY OF FARMING, mati\u00e8re: 100% coton, taille 48-64<\/p>\n<p>\n<style type=\"text\/css\" data-created_by=\"avia_inline_auto\" id=\"style-css-av-8zwto-3b4f72881d6c7a3fde37c4e425627bc6\">\n.av_font_icon.av-8zwto-3b4f72881d6c7a3fde37c4e425627bc6 .av-icon-char{\nfont-size:20px;\nline-height:20px;\n}\n<\/style>\n<span  class='av_font_icon av-8zwto-3b4f72881d6c7a3fde37c4e425627bc6 avia_animate_when_visible av-icon-style- avia-icon-pos-left avia-iconfont avia-font-entypo-fontello av-no-color avia-icon-animate'><a href='https:\/\/shop.bednar.com\/wp-content\/uploads\/pdf\/cize_chart_clothes.pdf'  target=\"_blank\"  rel=\"noopener noreferrer\"  class='av-icon-char' data-av_icon='\ue82d' data-av_iconfont='entypo-fontello' aria-hidden=\"false\" ><\/a><\/span> <u><a href=\"https:\/\/shop.bednar.com\/wp-content\/uploads\/pdf\/cize_chart_clothes.pdf\" target=\"_blank\" rel=\"noopener noreferrer\">Aper\u00e7u des tailles<\/a><\/u><\/p>\n","protected":false},"excerpt":{"rendered":"<p>Veste de travail gris-noir avec logos BEDNAR et JOY OF FARMING, mati\u00e8re: 100% coton, taille 48-64 Aper\u00e7u des tailles<\/p>\n","protected":false},"featured_media":6123,"template":"","meta":{"inline_featured_image":false},"product_brand":[],"product_cat":[167],"product_tag":[],"class_list":{"0":"post-4663","1":"product","2":"type-product","3":"status-publish","4":"has-post-thumbnail","6":"product_cat-vetements","7":"product_shipping_class-le-poids","8":"pa_velikost-48-fr","9":"pa_velikost-50-fr","10":"pa_velikost-52-fr","11":"pa_velikost-54-fr","12":"pa_velikost-56-fr","13":"pa_velikost-58-fr","14":"pa_velikost-60-fr","15":"pa_velikost-62-fr","16":"pa_velikost-64-fr","18":"first","19":"instock","20":"taxable","21":"shipping-taxable","22":"purchasable","23":"product-type-variable"},"yoast_head":"<!-- This site is optimized with the Yoast SEO plugin v25.0 - https:\/\/yoast.com\/wordpress\/plugins\/seo\/ -->\n<title>Veste de travail | Shop BEDNAR FMT<\/title>\n<meta name=\"robots\" content=\"index, follow, max-snippet:-1, max-image-preview:large, max-video-preview:-1\" \/>\n<link rel=\"canonical\" href=\"https:\/\/shop.bednar.com\/fr\/produit\/veste-de-travail-pour-homme\/\" \/>\n<meta property=\"og:locale\" content=\"fr_FR\" \/>\n<meta property=\"og:type\" content=\"article\" \/>\n<meta property=\"og:title\" content=\"Veste de travail | Shop BEDNAR FMT\" \/>\n<meta property=\"og:description\" content=\"Veste de travail gris-noir avec logos BEDNAR et JOY OF FARMING, mati\u00e8re: 100% coton, taille 48-64 Aper\u00e7u des tailles\" \/>\n<meta property=\"og:url\" content=\"https:\/\/shop.bednar.com\/fr\/produit\/veste-de-travail-pour-homme\/\" \/>\n<meta property=\"og:site_name\" content=\"Shop BEDNAR FMT\" \/>\n<meta property=\"article:publisher\" content=\"https:\/\/www.facebook.com\/BednarFarmMachinery\" \/>\n<meta property=\"article:modified_time\" content=\"2025-10-01T11:39:29+00:00\" \/>\n<meta property=\"og:image\" content=\"https:\/\/shop.bednar.com\/wp-content\/uploads\/2020\/12\/Bluza-Stretch-zepredu_grey.jpg\" \/>\n\t<meta property=\"og:image:width\" content=\"1280\" \/>\n\t<meta property=\"og:image:height\" content=\"853\" \/>\n\t<meta property=\"og:image:type\" content=\"image\/jpeg\" \/>\n<meta name=\"twitter:card\" content=\"summary_large_image\" \/>\n<script type=\"application\/ld+json\" class=\"yoast-schema-graph\">{\"@context\":\"https:\/\/schema.org\",\"@graph\":[{\"@type\":\"WebPage\",\"@id\":\"https:\/\/shop.bednar.com\/fr\/produit\/veste-de-travail-pour-homme\/\",\"url\":\"https:\/\/shop.bednar.com\/fr\/produit\/veste-de-travail-pour-homme\/\",\"name\":\"Veste de travail | Shop BEDNAR FMT\",\"isPartOf\":{\"@id\":\"https:\/\/shop.bednar.com\/fr\/#website\"},\"primaryImageOfPage\":{\"@id\":\"https:\/\/shop.bednar.com\/fr\/produit\/veste-de-travail-pour-homme\/#primaryimage\"},\"image\":{\"@id\":\"https:\/\/shop.bednar.com\/fr\/produit\/veste-de-travail-pour-homme\/#primaryimage\"},\"thumbnailUrl\":\"https:\/\/shop.bednar.com\/wp-content\/uploads\/2020\/12\/Bluza-Stretch-zepredu_grey.jpg\",\"datePublished\":\"2019-08-27T08:51:01+00:00\",\"dateModified\":\"2025-10-01T11:39:29+00:00\",\"breadcrumb\":{\"@id\":\"https:\/\/shop.bednar.com\/fr\/produit\/veste-de-travail-pour-homme\/#breadcrumb\"},\"inLanguage\":\"fr-FR\",\"potentialAction\":[{\"@type\":\"ReadAction\",\"target\":[\"https:\/\/shop.bednar.com\/fr\/produit\/veste-de-travail-pour-homme\/\"]}]},{\"@type\":\"ImageObject\",\"inLanguage\":\"fr-FR\",\"@id\":\"https:\/\/shop.bednar.com\/fr\/produit\/veste-de-travail-pour-homme\/#primaryimage\",\"url\":\"https:\/\/shop.bednar.com\/wp-content\/uploads\/2020\/12\/Bluza-Stretch-zepredu_grey.jpg\",\"contentUrl\":\"https:\/\/shop.bednar.com\/wp-content\/uploads\/2020\/12\/Bluza-Stretch-zepredu_grey.jpg\",\"width\":1280,\"height\":853,\"caption\":\"VESTE DE TRAVAIL\"},{\"@type\":\"BreadcrumbList\",\"@id\":\"https:\/\/shop.bednar.com\/fr\/produit\/veste-de-travail-pour-homme\/#breadcrumb\",\"itemListElement\":[{\"@type\":\"ListItem\",\"position\":1,\"name\":\"Dom\u016f\",\"item\":\"https:\/\/shop.bednar.com\/fr\/page-daccueil\/\"},{\"@type\":\"ListItem\",\"position\":2,\"name\":\"Produits\",\"item\":\"https:\/\/shop.bednar.com\/fr\/shop\/\"},{\"@type\":\"ListItem\",\"position\":3,\"name\":\"Veste de travail\"}]},{\"@type\":\"WebSite\",\"@id\":\"https:\/\/shop.bednar.com\/fr\/#website\",\"url\":\"https:\/\/shop.bednar.com\/fr\/\",\"name\":\"Shop BEDNAR FMT\",\"description\":\"Kolekce propaga\u010dn\u00edch p\u0159edm\u011bt\u016f inovativn\u00edho v\u00fdrobce modern\u00edch zem\u011bd\u011blsk\u00fdch stroj\u016f\",\"publisher\":{\"@id\":\"https:\/\/shop.bednar.com\/fr\/#organization\"},\"potentialAction\":[{\"@type\":\"SearchAction\",\"target\":{\"@type\":\"EntryPoint\",\"urlTemplate\":\"https:\/\/shop.bednar.com\/fr\/?s={search_term_string}\"},\"query-input\":{\"@type\":\"PropertyValueSpecification\",\"valueRequired\":true,\"valueName\":\"search_term_string\"}}],\"inLanguage\":\"fr-FR\"},{\"@type\":\"Organization\",\"@id\":\"https:\/\/shop.bednar.com\/fr\/#organization\",\"name\":\"BEDNAR FMT\",\"url\":\"https:\/\/shop.bednar.com\/fr\/\",\"logo\":{\"@type\":\"ImageObject\",\"inLanguage\":\"fr-FR\",\"@id\":\"https:\/\/shop.bednar.com\/fr\/#\/schema\/logo\/image\/\",\"url\":\"https:\/\/shop.bednar.com\/wp-content\/uploads\/2019\/10\/Logo_Bednar_Header-transparency.png\",\"contentUrl\":\"https:\/\/shop.bednar.com\/wp-content\/uploads\/2019\/10\/Logo_Bednar_Header-transparency.png\",\"width\":190,\"height\":60,\"caption\":\"BEDNAR FMT\"},\"image\":{\"@id\":\"https:\/\/shop.bednar.com\/fr\/#\/schema\/logo\/image\/\"},\"sameAs\":[\"https:\/\/www.facebook.com\/BednarFarmMachinery\",\"https:\/\/www.instagram.com\/bednarfmt\/\",\"https:\/\/www.linkedin.com\/company\/bednar-fmt-s-r-o-\/\",\"https:\/\/www.youtube.com\/channel\/UCLJXfzzR6E4CnyBEFUTAibQ\"]}]}<\/script>\n<!-- \/ Yoast SEO plugin. -->","yoast_head_json":{"title":"Veste de travail | Shop BEDNAR FMT","robots":{"index":"index","follow":"follow","max-snippet":"max-snippet:-1","max-image-preview":"max-image-preview:large","max-video-preview":"max-video-preview:-1"},"canonical":"https:\/\/shop.bednar.com\/fr\/produit\/veste-de-travail-pour-homme\/","og_locale":"fr_FR","og_type":"article","og_title":"Veste de travail | Shop BEDNAR FMT","og_description":"Veste de travail gris-noir avec logos BEDNAR et JOY OF FARMING, mati\u00e8re: 100% coton, taille 48-64 Aper\u00e7u des tailles","og_url":"https:\/\/shop.bednar.com\/fr\/produit\/veste-de-travail-pour-homme\/","og_site_name":"Shop BEDNAR FMT","article_publisher":"https:\/\/www.facebook.com\/BednarFarmMachinery","article_modified_time":"2025-10-01T11:39:29+00:00","og_image":[{"width":1280,"height":853,"url":"https:\/\/shop.bednar.com\/wp-content\/uploads\/2020\/12\/Bluza-Stretch-zepredu_grey.jpg","type":"image\/jpeg"}],"twitter_card":"summary_large_image","schema":{"@context":"https:\/\/schema.org","@graph":[{"@type":"WebPage","@id":"https:\/\/shop.bednar.com\/fr\/produit\/veste-de-travail-pour-homme\/","url":"https:\/\/shop.bednar.com\/fr\/produit\/veste-de-travail-pour-homme\/","name":"Veste de travail | Shop BEDNAR FMT","isPartOf":{"@id":"https:\/\/shop.bednar.com\/fr\/#website"},"primaryImageOfPage":{"@id":"https:\/\/shop.bednar.com\/fr\/produit\/veste-de-travail-pour-homme\/#primaryimage"},"image":{"@id":"https:\/\/shop.bednar.com\/fr\/produit\/veste-de-travail-pour-homme\/#primaryimage"},"thumbnailUrl":"https:\/\/shop.bednar.com\/wp-content\/uploads\/2020\/12\/Bluza-Stretch-zepredu_grey.jpg","datePublished":"2019-08-27T08:51:01+00:00","dateModified":"2025-10-01T11:39:29+00:00","breadcrumb":{"@id":"https:\/\/shop.bednar.com\/fr\/produit\/veste-de-travail-pour-homme\/#breadcrumb"},"inLanguage":"fr-FR","potentialAction":[{"@type":"ReadAction","target":["https:\/\/shop.bednar.com\/fr\/produit\/veste-de-travail-pour-homme\/"]}]},{"@type":"ImageObject","inLanguage":"fr-FR","@id":"https:\/\/shop.bednar.com\/fr\/produit\/veste-de-travail-pour-homme\/#primaryimage","url":"https:\/\/shop.bednar.com\/wp-content\/uploads\/2020\/12\/Bluza-Stretch-zepredu_grey.jpg","contentUrl":"https:\/\/shop.bednar.com\/wp-content\/uploads\/2020\/12\/Bluza-Stretch-zepredu_grey.jpg","width":1280,"height":853,"caption":"VESTE DE TRAVAIL"},{"@type":"BreadcrumbList","@id":"https:\/\/shop.bednar.com\/fr\/produit\/veste-de-travail-pour-homme\/#breadcrumb","itemListElement":[{"@type":"ListItem","position":1,"name":"Dom\u016f","item":"https:\/\/shop.bednar.com\/fr\/page-daccueil\/"},{"@type":"ListItem","position":2,"name":"Produits","item":"https:\/\/shop.bednar.com\/fr\/shop\/"},{"@type":"ListItem","position":3,"name":"Veste de travail"}]},{"@type":"WebSite","@id":"https:\/\/shop.bednar.com\/fr\/#website","url":"https:\/\/shop.bednar.com\/fr\/","name":"Shop BEDNAR FMT","description":"Kolekce propaga\u010dn\u00edch p\u0159edm\u011bt\u016f inovativn\u00edho v\u00fdrobce modern\u00edch zem\u011bd\u011blsk\u00fdch stroj\u016f","publisher":{"@id":"https:\/\/shop.bednar.com\/fr\/#organization"},"potentialAction":[{"@type":"SearchAction","target":{"@type":"EntryPoint","urlTemplate":"https:\/\/shop.bednar.com\/fr\/?s={search_term_string}"},"query-input":{"@type":"PropertyValueSpecification","valueRequired":true,"valueName":"search_term_string"}}],"inLanguage":"fr-FR"},{"@type":"Organization","@id":"https:\/\/shop.bednar.com\/fr\/#organization","name":"BEDNAR FMT","url":"https:\/\/shop.bednar.com\/fr\/","logo":{"@type":"ImageObject","inLanguage":"fr-FR","@id":"https:\/\/shop.bednar.com\/fr\/#\/schema\/logo\/image\/","url":"https:\/\/shop.bednar.com\/wp-content\/uploads\/2019\/10\/Logo_Bednar_Header-transparency.png","contentUrl":"https:\/\/shop.bednar.com\/wp-content\/uploads\/2019\/10\/Logo_Bednar_Header-transparency.png","width":190,"height":60,"caption":"BEDNAR FMT"},"image":{"@id":"https:\/\/shop.bednar.com\/fr\/#\/schema\/logo\/image\/"},"sameAs":["https:\/\/www.facebook.com\/BednarFarmMachinery","https:\/\/www.instagram.com\/bednarfmt\/","https:\/\/www.linkedin.com\/company\/bednar-fmt-s-r-o-\/","https:\/\/www.youtube.com\/channel\/UCLJXfzzR6E4CnyBEFUTAibQ"]}]}},"_links":{"self":[{"href":"https:\/\/shop.bednar.com\/fr\/wp-json\/wp\/v2\/product\/4663","targetHints":{"allow":["GET"]}}],"collection":[{"href":"https:\/\/shop.bednar.com\/fr\/wp-json\/wp\/v2\/product"}],"about":[{"href":"https:\/\/shop.bednar.com\/fr\/wp-json\/wp\/v2\/types\/product"}],"wp:featuredmedia":[{"embeddable":true,"href":"https:\/\/shop.bednar.com\/fr\/wp-json\/wp\/v2\/media\/6123"}],"wp:attachment":[{"href":"https:\/\/shop.bednar.com\/fr\/wp-json\/wp\/v2\/media?parent=4663"}],"wp:term":[{"taxonomy":"product_brand","embeddable":true,"href":"https:\/\/shop.bednar.com\/fr\/wp-json\/wp\/v2\/product_brand?post=4663"},{"taxonomy":"product_cat","embeddable":true,"href":"https:\/\/shop.bednar.com\/fr\/wp-json\/wp\/v2\/product_cat?post=4663"},{"taxonomy":"product_tag","embeddable":true,"href":"https:\/\/shop.bednar.com\/fr\/wp-json\/wp\/v2\/product_tag?post=4663"}],"curies":[{"name":"wp","href":"https:\/\/api.w.org\/{rel}","templated":true}]}}