{"id":4508,"date":"2019-08-27T10:51:12","date_gmt":"2019-08-27T08:51:12","guid":{"rendered":"https:\/\/shop.bednar.com\/produkt\/nastenne-hodiny\/"},"modified":"2025-10-28T15:40:02","modified_gmt":"2025-10-28T14:40:02","slug":"horloge-murale","status":"publish","type":"product","link":"https:\/\/shop.bednar.com\/fr\/produit\/horloge-murale\/","title":{"rendered":"HORLOGE MURALE"},"content":{"rendered":"<p>Horloge murale noire avec cadre argent\u00e9, inscription \u00ab\u00a0Time is relative\u2026BEDNAR is real!\u00a0\u00bb<\/p>\n","protected":false},"excerpt":{"rendered":"<p>Horloge murale noire avec cadre argent\u00e9, inscription \u00ab\u00a0Time is relative\u2026BEDNAR is real!\u00a0\u00bb<\/p>\n","protected":false},"featured_media":9172,"template":"","meta":{"inline_featured_image":false},"product_brand":[],"product_cat":[164,181],"product_tag":[],"class_list":{"0":"post-4508","1":"product","2":"type-product","3":"status-publish","4":"has-post-thumbnail","6":"product_cat-autres-objets","7":"product_cat-bureau","8":"product_shipping_class-le-poids","10":"first","11":"instock","12":"taxable","13":"shipping-taxable","14":"purchasable","15":"product-type-simple"},"yoast_head":"<!-- This site is optimized with the Yoast SEO plugin v25.0 - https:\/\/yoast.com\/wordpress\/plugins\/seo\/ -->\n<title>HORLOGE MURALE | Shop BEDNAR FMT<\/title>\n<meta name=\"robots\" content=\"index, follow, max-snippet:-1, max-image-preview:large, max-video-preview:-1\" \/>\n<link rel=\"canonical\" href=\"https:\/\/shop.bednar.com\/fr\/produit\/horloge-murale\/\" \/>\n<meta property=\"og:locale\" content=\"fr_FR\" \/>\n<meta property=\"og:type\" content=\"article\" \/>\n<meta property=\"og:title\" content=\"HORLOGE MURALE | Shop BEDNAR FMT\" \/>\n<meta property=\"og:description\" content=\"Horloge murale noire avec cadre argent\u00e9, inscription \u00ab\u00a0Time is relative\u2026BEDNAR is real!\u00a0\u00bb\" \/>\n<meta property=\"og:url\" content=\"https:\/\/shop.bednar.com\/fr\/produit\/horloge-murale\/\" \/>\n<meta property=\"og:site_name\" content=\"Shop BEDNAR FMT\" \/>\n<meta property=\"article:publisher\" content=\"https:\/\/www.facebook.com\/BednarFarmMachinery\" \/>\n<meta property=\"article:modified_time\" content=\"2025-10-28T14:40:02+00:00\" \/>\n<meta property=\"og:image\" content=\"https:\/\/shop.bednar.com\/wp-content\/uploads\/2019\/08\/Hodiny_BEDNAR_400x400.jpg\" \/>\n\t<meta property=\"og:image:width\" content=\"400\" \/>\n\t<meta property=\"og:image:height\" content=\"400\" \/>\n\t<meta property=\"og:image:type\" content=\"image\/jpeg\" \/>\n<meta name=\"twitter:card\" content=\"summary_large_image\" \/>\n<script type=\"application\/ld+json\" class=\"yoast-schema-graph\">{\"@context\":\"https:\/\/schema.org\",\"@graph\":[{\"@type\":\"WebPage\",\"@id\":\"https:\/\/shop.bednar.com\/fr\/produit\/horloge-murale\/\",\"url\":\"https:\/\/shop.bednar.com\/fr\/produit\/horloge-murale\/\",\"name\":\"HORLOGE MURALE | Shop BEDNAR FMT\",\"isPartOf\":{\"@id\":\"https:\/\/shop.bednar.com\/fr\/#website\"},\"primaryImageOfPage\":{\"@id\":\"https:\/\/shop.bednar.com\/fr\/produit\/horloge-murale\/#primaryimage\"},\"image\":{\"@id\":\"https:\/\/shop.bednar.com\/fr\/produit\/horloge-murale\/#primaryimage\"},\"thumbnailUrl\":\"https:\/\/shop.bednar.com\/wp-content\/uploads\/2019\/08\/Hodiny_BEDNAR_400x400.jpg\",\"datePublished\":\"2019-08-27T08:51:12+00:00\",\"dateModified\":\"2025-10-28T14:40:02+00:00\",\"breadcrumb\":{\"@id\":\"https:\/\/shop.bednar.com\/fr\/produit\/horloge-murale\/#breadcrumb\"},\"inLanguage\":\"fr-FR\",\"potentialAction\":[{\"@type\":\"ReadAction\",\"target\":[\"https:\/\/shop.bednar.com\/fr\/produit\/horloge-murale\/\"]}]},{\"@type\":\"ImageObject\",\"inLanguage\":\"fr-FR\",\"@id\":\"https:\/\/shop.bednar.com\/fr\/produit\/horloge-murale\/#primaryimage\",\"url\":\"https:\/\/shop.bednar.com\/wp-content\/uploads\/2019\/08\/Hodiny_BEDNAR_400x400.jpg\",\"contentUrl\":\"https:\/\/shop.bednar.com\/wp-content\/uploads\/2019\/08\/Hodiny_BEDNAR_400x400.jpg\",\"width\":400,\"height\":400},{\"@type\":\"BreadcrumbList\",\"@id\":\"https:\/\/shop.bednar.com\/fr\/produit\/horloge-murale\/#breadcrumb\",\"itemListElement\":[{\"@type\":\"ListItem\",\"position\":1,\"name\":\"Dom\u016f\",\"item\":\"https:\/\/shop.bednar.com\/fr\/page-daccueil\/\"},{\"@type\":\"ListItem\",\"position\":2,\"name\":\"Produits\",\"item\":\"https:\/\/shop.bednar.com\/fr\/shop\/\"},{\"@type\":\"ListItem\",\"position\":3,\"name\":\"HORLOGE MURALE\"}]},{\"@type\":\"WebSite\",\"@id\":\"https:\/\/shop.bednar.com\/fr\/#website\",\"url\":\"https:\/\/shop.bednar.com\/fr\/\",\"name\":\"Shop BEDNAR FMT\",\"description\":\"Kolekce propaga\u010dn\u00edch p\u0159edm\u011bt\u016f inovativn\u00edho v\u00fdrobce modern\u00edch zem\u011bd\u011blsk\u00fdch stroj\u016f\",\"publisher\":{\"@id\":\"https:\/\/shop.bednar.com\/fr\/#organization\"},\"potentialAction\":[{\"@type\":\"SearchAction\",\"target\":{\"@type\":\"EntryPoint\",\"urlTemplate\":\"https:\/\/shop.bednar.com\/fr\/?s={search_term_string}\"},\"query-input\":{\"@type\":\"PropertyValueSpecification\",\"valueRequired\":true,\"valueName\":\"search_term_string\"}}],\"inLanguage\":\"fr-FR\"},{\"@type\":\"Organization\",\"@id\":\"https:\/\/shop.bednar.com\/fr\/#organization\",\"name\":\"BEDNAR FMT\",\"url\":\"https:\/\/shop.bednar.com\/fr\/\",\"logo\":{\"@type\":\"ImageObject\",\"inLanguage\":\"fr-FR\",\"@id\":\"https:\/\/shop.bednar.com\/fr\/#\/schema\/logo\/image\/\",\"url\":\"https:\/\/shop.bednar.com\/wp-content\/uploads\/2019\/10\/Logo_Bednar_Header-transparency.png\",\"contentUrl\":\"https:\/\/shop.bednar.com\/wp-content\/uploads\/2019\/10\/Logo_Bednar_Header-transparency.png\",\"width\":190,\"height\":60,\"caption\":\"BEDNAR FMT\"},\"image\":{\"@id\":\"https:\/\/shop.bednar.com\/fr\/#\/schema\/logo\/image\/\"},\"sameAs\":[\"https:\/\/www.facebook.com\/BednarFarmMachinery\",\"https:\/\/www.instagram.com\/bednarfmt\/\",\"https:\/\/www.linkedin.com\/company\/bednar-fmt-s-r-o-\/\",\"https:\/\/www.youtube.com\/channel\/UCLJXfzzR6E4CnyBEFUTAibQ\"]}]}<\/script>\n<!-- \/ Yoast SEO plugin. -->","yoast_head_json":{"title":"HORLOGE MURALE | Shop BEDNAR FMT","robots":{"index":"index","follow":"follow","max-snippet":"max-snippet:-1","max-image-preview":"max-image-preview:large","max-video-preview":"max-video-preview:-1"},"canonical":"https:\/\/shop.bednar.com\/fr\/produit\/horloge-murale\/","og_locale":"fr_FR","og_type":"article","og_title":"HORLOGE MURALE | Shop BEDNAR FMT","og_description":"Horloge murale noire avec cadre argent\u00e9, inscription \u00ab\u00a0Time is relative\u2026BEDNAR is real!\u00a0\u00bb","og_url":"https:\/\/shop.bednar.com\/fr\/produit\/horloge-murale\/","og_site_name":"Shop BEDNAR FMT","article_publisher":"https:\/\/www.facebook.com\/BednarFarmMachinery","article_modified_time":"2025-10-28T14:40:02+00:00","og_image":[{"width":400,"height":400,"url":"https:\/\/shop.bednar.com\/wp-content\/uploads\/2019\/08\/Hodiny_BEDNAR_400x400.jpg","type":"image\/jpeg"}],"twitter_card":"summary_large_image","schema":{"@context":"https:\/\/schema.org","@graph":[{"@type":"WebPage","@id":"https:\/\/shop.bednar.com\/fr\/produit\/horloge-murale\/","url":"https:\/\/shop.bednar.com\/fr\/produit\/horloge-murale\/","name":"HORLOGE MURALE | Shop BEDNAR FMT","isPartOf":{"@id":"https:\/\/shop.bednar.com\/fr\/#website"},"primaryImageOfPage":{"@id":"https:\/\/shop.bednar.com\/fr\/produit\/horloge-murale\/#primaryimage"},"image":{"@id":"https:\/\/shop.bednar.com\/fr\/produit\/horloge-murale\/#primaryimage"},"thumbnailUrl":"https:\/\/shop.bednar.com\/wp-content\/uploads\/2019\/08\/Hodiny_BEDNAR_400x400.jpg","datePublished":"2019-08-27T08:51:12+00:00","dateModified":"2025-10-28T14:40:02+00:00","breadcrumb":{"@id":"https:\/\/shop.bednar.com\/fr\/produit\/horloge-murale\/#breadcrumb"},"inLanguage":"fr-FR","potentialAction":[{"@type":"ReadAction","target":["https:\/\/shop.bednar.com\/fr\/produit\/horloge-murale\/"]}]},{"@type":"ImageObject","inLanguage":"fr-FR","@id":"https:\/\/shop.bednar.com\/fr\/produit\/horloge-murale\/#primaryimage","url":"https:\/\/shop.bednar.com\/wp-content\/uploads\/2019\/08\/Hodiny_BEDNAR_400x400.jpg","contentUrl":"https:\/\/shop.bednar.com\/wp-content\/uploads\/2019\/08\/Hodiny_BEDNAR_400x400.jpg","width":400,"height":400},{"@type":"BreadcrumbList","@id":"https:\/\/shop.bednar.com\/fr\/produit\/horloge-murale\/#breadcrumb","itemListElement":[{"@type":"ListItem","position":1,"name":"Dom\u016f","item":"https:\/\/shop.bednar.com\/fr\/page-daccueil\/"},{"@type":"ListItem","position":2,"name":"Produits","item":"https:\/\/shop.bednar.com\/fr\/shop\/"},{"@type":"ListItem","position":3,"name":"HORLOGE MURALE"}]},{"@type":"WebSite","@id":"https:\/\/shop.bednar.com\/fr\/#website","url":"https:\/\/shop.bednar.com\/fr\/","name":"Shop BEDNAR FMT","description":"Kolekce propaga\u010dn\u00edch p\u0159edm\u011bt\u016f inovativn\u00edho v\u00fdrobce modern\u00edch zem\u011bd\u011blsk\u00fdch stroj\u016f","publisher":{"@id":"https:\/\/shop.bednar.com\/fr\/#organization"},"potentialAction":[{"@type":"SearchAction","target":{"@type":"EntryPoint","urlTemplate":"https:\/\/shop.bednar.com\/fr\/?s={search_term_string}"},"query-input":{"@type":"PropertyValueSpecification","valueRequired":true,"valueName":"search_term_string"}}],"inLanguage":"fr-FR"},{"@type":"Organization","@id":"https:\/\/shop.bednar.com\/fr\/#organization","name":"BEDNAR FMT","url":"https:\/\/shop.bednar.com\/fr\/","logo":{"@type":"ImageObject","inLanguage":"fr-FR","@id":"https:\/\/shop.bednar.com\/fr\/#\/schema\/logo\/image\/","url":"https:\/\/shop.bednar.com\/wp-content\/uploads\/2019\/10\/Logo_Bednar_Header-transparency.png","contentUrl":"https:\/\/shop.bednar.com\/wp-content\/uploads\/2019\/10\/Logo_Bednar_Header-transparency.png","width":190,"height":60,"caption":"BEDNAR FMT"},"image":{"@id":"https:\/\/shop.bednar.com\/fr\/#\/schema\/logo\/image\/"},"sameAs":["https:\/\/www.facebook.com\/BednarFarmMachinery","https:\/\/www.instagram.com\/bednarfmt\/","https:\/\/www.linkedin.com\/company\/bednar-fmt-s-r-o-\/","https:\/\/www.youtube.com\/channel\/UCLJXfzzR6E4CnyBEFUTAibQ"]}]}},"_links":{"self":[{"href":"https:\/\/shop.bednar.com\/fr\/wp-json\/wp\/v2\/product\/4508","targetHints":{"allow":["GET"]}}],"collection":[{"href":"https:\/\/shop.bednar.com\/fr\/wp-json\/wp\/v2\/product"}],"about":[{"href":"https:\/\/shop.bednar.com\/fr\/wp-json\/wp\/v2\/types\/product"}],"wp:featuredmedia":[{"embeddable":true,"href":"https:\/\/shop.bednar.com\/fr\/wp-json\/wp\/v2\/media\/9172"}],"wp:attachment":[{"href":"https:\/\/shop.bednar.com\/fr\/wp-json\/wp\/v2\/media?parent=4508"}],"wp:term":[{"taxonomy":"product_brand","embeddable":true,"href":"https:\/\/shop.bednar.com\/fr\/wp-json\/wp\/v2\/product_brand?post=4508"},{"taxonomy":"product_cat","embeddable":true,"href":"https:\/\/shop.bednar.com\/fr\/wp-json\/wp\/v2\/product_cat?post=4508"},{"taxonomy":"product_tag","embeddable":true,"href":"https:\/\/shop.bednar.com\/fr\/wp-json\/wp\/v2\/product_tag?post=4508"}],"curies":[{"name":"wp","href":"https:\/\/api.w.org\/{rel}","templated":true}]}}