{"id":4435,"date":"2019-11-07T13:27:24","date_gmt":"2019-11-07T12:27:24","guid":{"rendered":"https:\/\/shop.bednar.com\/produkt\/zluty-termohrnek\/"},"modified":"2026-04-14T15:37:15","modified_gmt":"2026-04-14T13:37:15","slug":"tasse-isotherme-jaune","status":"publish","type":"product","link":"https:\/\/shop.bednar.com\/fr\/produit\/tasse-isotherme-jaune\/","title":{"rendered":"TASSE ISOTHERME JAUNE"},"content":{"rendered":"<p>Tasse isotherme de couleur jaune, arborant une inscription \u00ab\u00a0BEDNAR\u00a0\u00bb, la double paroi maintient la temp\u00e9rature souhait\u00e9e durant 90 minutes, rev\u00eatement caoutchouc ext\u00e9rieur antid\u00e9rapant, mati\u00e8re int\u00e9rieure : inox, volume : 450 ml, conditionn\u00e9 dans un coffret-cadeau<\/p>\n","protected":false},"excerpt":{"rendered":"<p>Tasse isotherme de couleur jaune, arborant une inscription \u00ab\u00a0BEDNAR\u00a0\u00bb, la double paroi maintient la temp\u00e9rature souhait\u00e9e durant 90 minutes, rev\u00eatement caoutchouc ext\u00e9rieur antid\u00e9rapant, mati\u00e8re int\u00e9rieure : inox, volume : 450 ml, conditionn\u00e9 dans un coffret-cadeau<\/p>\n","protected":false},"featured_media":5653,"template":"","meta":{"inline_featured_image":false},"product_brand":[],"product_cat":[164,181],"product_tag":[],"class_list":{"0":"post-4435","1":"product","2":"type-product","3":"status-publish","4":"has-post-thumbnail","6":"product_cat-autres-objets","7":"product_cat-bureau","9":"first","10":"instock","11":"taxable","12":"shipping-taxable","13":"purchasable","14":"product-type-simple"},"yoast_head":"<!-- This site is optimized with the Yoast SEO plugin v25.0 - https:\/\/yoast.com\/wordpress\/plugins\/seo\/ -->\n<title>TASSE ISOTHERME JAUNE | Shop BEDNAR FMT<\/title>\n<meta name=\"robots\" content=\"index, follow, max-snippet:-1, max-image-preview:large, max-video-preview:-1\" \/>\n<link rel=\"canonical\" href=\"https:\/\/shop.bednar.com\/fr\/produit\/tasse-isotherme-jaune\/\" \/>\n<meta property=\"og:locale\" content=\"fr_FR\" \/>\n<meta property=\"og:type\" content=\"article\" \/>\n<meta property=\"og:title\" content=\"TASSE ISOTHERME JAUNE | Shop BEDNAR FMT\" \/>\n<meta property=\"og:description\" content=\"Tasse isotherme de couleur jaune, arborant une inscription \u00ab\u00a0BEDNAR\u00a0\u00bb, la double paroi maintient la temp\u00e9rature souhait\u00e9e durant 90 minutes, rev\u00eatement caoutchouc ext\u00e9rieur antid\u00e9rapant, mati\u00e8re int\u00e9rieure : inox, volume : 450 ml, conditionn\u00e9 dans un coffret-cadeau\" \/>\n<meta property=\"og:url\" content=\"https:\/\/shop.bednar.com\/fr\/produit\/tasse-isotherme-jaune\/\" \/>\n<meta property=\"og:site_name\" content=\"Shop BEDNAR FMT\" \/>\n<meta property=\"article:publisher\" content=\"https:\/\/www.facebook.com\/BednarFarmMachinery\" \/>\n<meta property=\"article:modified_time\" content=\"2026-04-14T13:37:15+00:00\" \/>\n<meta property=\"og:image\" content=\"https:\/\/shop.bednar.com\/wp-content\/uploads\/2019\/11\/Termohrnek_19L2731_upr_grey_web.jpg\" \/>\n\t<meta property=\"og:image:width\" content=\"1280\" \/>\n\t<meta property=\"og:image:height\" content=\"853\" \/>\n\t<meta property=\"og:image:type\" content=\"image\/jpeg\" \/>\n<meta name=\"twitter:card\" content=\"summary_large_image\" \/>\n<script type=\"application\/ld+json\" class=\"yoast-schema-graph\">{\"@context\":\"https:\/\/schema.org\",\"@graph\":[{\"@type\":\"WebPage\",\"@id\":\"https:\/\/shop.bednar.com\/fr\/produit\/tasse-isotherme-jaune\/\",\"url\":\"https:\/\/shop.bednar.com\/fr\/produit\/tasse-isotherme-jaune\/\",\"name\":\"TASSE ISOTHERME JAUNE | Shop BEDNAR FMT\",\"isPartOf\":{\"@id\":\"https:\/\/shop.bednar.com\/fr\/#website\"},\"primaryImageOfPage\":{\"@id\":\"https:\/\/shop.bednar.com\/fr\/produit\/tasse-isotherme-jaune\/#primaryimage\"},\"image\":{\"@id\":\"https:\/\/shop.bednar.com\/fr\/produit\/tasse-isotherme-jaune\/#primaryimage\"},\"thumbnailUrl\":\"https:\/\/shop.bednar.com\/wp-content\/uploads\/2019\/11\/Termohrnek_19L2731_upr_grey_web.jpg\",\"datePublished\":\"2019-11-07T12:27:24+00:00\",\"dateModified\":\"2026-04-14T13:37:15+00:00\",\"breadcrumb\":{\"@id\":\"https:\/\/shop.bednar.com\/fr\/produit\/tasse-isotherme-jaune\/#breadcrumb\"},\"inLanguage\":\"fr-FR\",\"potentialAction\":[{\"@type\":\"ReadAction\",\"target\":[\"https:\/\/shop.bednar.com\/fr\/produit\/tasse-isotherme-jaune\/\"]}]},{\"@type\":\"ImageObject\",\"inLanguage\":\"fr-FR\",\"@id\":\"https:\/\/shop.bednar.com\/fr\/produit\/tasse-isotherme-jaune\/#primaryimage\",\"url\":\"https:\/\/shop.bednar.com\/wp-content\/uploads\/2019\/11\/Termohrnek_19L2731_upr_grey_web.jpg\",\"contentUrl\":\"https:\/\/shop.bednar.com\/wp-content\/uploads\/2019\/11\/Termohrnek_19L2731_upr_grey_web.jpg\",\"width\":1280,\"height\":853,\"caption\":\"Termohrnek_19L2731_upr_grey_web\"},{\"@type\":\"BreadcrumbList\",\"@id\":\"https:\/\/shop.bednar.com\/fr\/produit\/tasse-isotherme-jaune\/#breadcrumb\",\"itemListElement\":[{\"@type\":\"ListItem\",\"position\":1,\"name\":\"Dom\u016f\",\"item\":\"https:\/\/shop.bednar.com\/fr\/page-daccueil\/\"},{\"@type\":\"ListItem\",\"position\":2,\"name\":\"Produits\",\"item\":\"https:\/\/shop.bednar.com\/fr\/shop\/\"},{\"@type\":\"ListItem\",\"position\":3,\"name\":\"TASSE ISOTHERME JAUNE\"}]},{\"@type\":\"WebSite\",\"@id\":\"https:\/\/shop.bednar.com\/fr\/#website\",\"url\":\"https:\/\/shop.bednar.com\/fr\/\",\"name\":\"Shop BEDNAR FMT\",\"description\":\"Kolekce propaga\u010dn\u00edch p\u0159edm\u011bt\u016f inovativn\u00edho v\u00fdrobce modern\u00edch zem\u011bd\u011blsk\u00fdch stroj\u016f\",\"publisher\":{\"@id\":\"https:\/\/shop.bednar.com\/fr\/#organization\"},\"potentialAction\":[{\"@type\":\"SearchAction\",\"target\":{\"@type\":\"EntryPoint\",\"urlTemplate\":\"https:\/\/shop.bednar.com\/fr\/?s={search_term_string}\"},\"query-input\":{\"@type\":\"PropertyValueSpecification\",\"valueRequired\":true,\"valueName\":\"search_term_string\"}}],\"inLanguage\":\"fr-FR\"},{\"@type\":\"Organization\",\"@id\":\"https:\/\/shop.bednar.com\/fr\/#organization\",\"name\":\"BEDNAR FMT\",\"url\":\"https:\/\/shop.bednar.com\/fr\/\",\"logo\":{\"@type\":\"ImageObject\",\"inLanguage\":\"fr-FR\",\"@id\":\"https:\/\/shop.bednar.com\/fr\/#\/schema\/logo\/image\/\",\"url\":\"https:\/\/shop.bednar.com\/wp-content\/uploads\/2019\/10\/Logo_Bednar_Header-transparency.png\",\"contentUrl\":\"https:\/\/shop.bednar.com\/wp-content\/uploads\/2019\/10\/Logo_Bednar_Header-transparency.png\",\"width\":190,\"height\":60,\"caption\":\"BEDNAR FMT\"},\"image\":{\"@id\":\"https:\/\/shop.bednar.com\/fr\/#\/schema\/logo\/image\/\"},\"sameAs\":[\"https:\/\/www.facebook.com\/BednarFarmMachinery\",\"https:\/\/www.instagram.com\/bednarfmt\/\",\"https:\/\/www.linkedin.com\/company\/bednar-fmt-s-r-o-\/\",\"https:\/\/www.youtube.com\/channel\/UCLJXfzzR6E4CnyBEFUTAibQ\"]}]}<\/script>\n<!-- \/ Yoast SEO plugin. -->","yoast_head_json":{"title":"TASSE ISOTHERME JAUNE | Shop BEDNAR FMT","robots":{"index":"index","follow":"follow","max-snippet":"max-snippet:-1","max-image-preview":"max-image-preview:large","max-video-preview":"max-video-preview:-1"},"canonical":"https:\/\/shop.bednar.com\/fr\/produit\/tasse-isotherme-jaune\/","og_locale":"fr_FR","og_type":"article","og_title":"TASSE ISOTHERME JAUNE | Shop BEDNAR FMT","og_description":"Tasse isotherme de couleur jaune, arborant une inscription \u00ab\u00a0BEDNAR\u00a0\u00bb, la double paroi maintient la temp\u00e9rature souhait\u00e9e durant 90 minutes, rev\u00eatement caoutchouc ext\u00e9rieur antid\u00e9rapant, mati\u00e8re int\u00e9rieure : inox, volume : 450 ml, conditionn\u00e9 dans un coffret-cadeau","og_url":"https:\/\/shop.bednar.com\/fr\/produit\/tasse-isotherme-jaune\/","og_site_name":"Shop BEDNAR FMT","article_publisher":"https:\/\/www.facebook.com\/BednarFarmMachinery","article_modified_time":"2026-04-14T13:37:15+00:00","og_image":[{"width":1280,"height":853,"url":"https:\/\/shop.bednar.com\/wp-content\/uploads\/2019\/11\/Termohrnek_19L2731_upr_grey_web.jpg","type":"image\/jpeg"}],"twitter_card":"summary_large_image","schema":{"@context":"https:\/\/schema.org","@graph":[{"@type":"WebPage","@id":"https:\/\/shop.bednar.com\/fr\/produit\/tasse-isotherme-jaune\/","url":"https:\/\/shop.bednar.com\/fr\/produit\/tasse-isotherme-jaune\/","name":"TASSE ISOTHERME JAUNE | Shop BEDNAR FMT","isPartOf":{"@id":"https:\/\/shop.bednar.com\/fr\/#website"},"primaryImageOfPage":{"@id":"https:\/\/shop.bednar.com\/fr\/produit\/tasse-isotherme-jaune\/#primaryimage"},"image":{"@id":"https:\/\/shop.bednar.com\/fr\/produit\/tasse-isotherme-jaune\/#primaryimage"},"thumbnailUrl":"https:\/\/shop.bednar.com\/wp-content\/uploads\/2019\/11\/Termohrnek_19L2731_upr_grey_web.jpg","datePublished":"2019-11-07T12:27:24+00:00","dateModified":"2026-04-14T13:37:15+00:00","breadcrumb":{"@id":"https:\/\/shop.bednar.com\/fr\/produit\/tasse-isotherme-jaune\/#breadcrumb"},"inLanguage":"fr-FR","potentialAction":[{"@type":"ReadAction","target":["https:\/\/shop.bednar.com\/fr\/produit\/tasse-isotherme-jaune\/"]}]},{"@type":"ImageObject","inLanguage":"fr-FR","@id":"https:\/\/shop.bednar.com\/fr\/produit\/tasse-isotherme-jaune\/#primaryimage","url":"https:\/\/shop.bednar.com\/wp-content\/uploads\/2019\/11\/Termohrnek_19L2731_upr_grey_web.jpg","contentUrl":"https:\/\/shop.bednar.com\/wp-content\/uploads\/2019\/11\/Termohrnek_19L2731_upr_grey_web.jpg","width":1280,"height":853,"caption":"Termohrnek_19L2731_upr_grey_web"},{"@type":"BreadcrumbList","@id":"https:\/\/shop.bednar.com\/fr\/produit\/tasse-isotherme-jaune\/#breadcrumb","itemListElement":[{"@type":"ListItem","position":1,"name":"Dom\u016f","item":"https:\/\/shop.bednar.com\/fr\/page-daccueil\/"},{"@type":"ListItem","position":2,"name":"Produits","item":"https:\/\/shop.bednar.com\/fr\/shop\/"},{"@type":"ListItem","position":3,"name":"TASSE ISOTHERME JAUNE"}]},{"@type":"WebSite","@id":"https:\/\/shop.bednar.com\/fr\/#website","url":"https:\/\/shop.bednar.com\/fr\/","name":"Shop BEDNAR FMT","description":"Kolekce propaga\u010dn\u00edch p\u0159edm\u011bt\u016f inovativn\u00edho v\u00fdrobce modern\u00edch zem\u011bd\u011blsk\u00fdch stroj\u016f","publisher":{"@id":"https:\/\/shop.bednar.com\/fr\/#organization"},"potentialAction":[{"@type":"SearchAction","target":{"@type":"EntryPoint","urlTemplate":"https:\/\/shop.bednar.com\/fr\/?s={search_term_string}"},"query-input":{"@type":"PropertyValueSpecification","valueRequired":true,"valueName":"search_term_string"}}],"inLanguage":"fr-FR"},{"@type":"Organization","@id":"https:\/\/shop.bednar.com\/fr\/#organization","name":"BEDNAR FMT","url":"https:\/\/shop.bednar.com\/fr\/","logo":{"@type":"ImageObject","inLanguage":"fr-FR","@id":"https:\/\/shop.bednar.com\/fr\/#\/schema\/logo\/image\/","url":"https:\/\/shop.bednar.com\/wp-content\/uploads\/2019\/10\/Logo_Bednar_Header-transparency.png","contentUrl":"https:\/\/shop.bednar.com\/wp-content\/uploads\/2019\/10\/Logo_Bednar_Header-transparency.png","width":190,"height":60,"caption":"BEDNAR FMT"},"image":{"@id":"https:\/\/shop.bednar.com\/fr\/#\/schema\/logo\/image\/"},"sameAs":["https:\/\/www.facebook.com\/BednarFarmMachinery","https:\/\/www.instagram.com\/bednarfmt\/","https:\/\/www.linkedin.com\/company\/bednar-fmt-s-r-o-\/","https:\/\/www.youtube.com\/channel\/UCLJXfzzR6E4CnyBEFUTAibQ"]}]}},"_links":{"self":[{"href":"https:\/\/shop.bednar.com\/fr\/wp-json\/wp\/v2\/product\/4435","targetHints":{"allow":["GET"]}}],"collection":[{"href":"https:\/\/shop.bednar.com\/fr\/wp-json\/wp\/v2\/product"}],"about":[{"href":"https:\/\/shop.bednar.com\/fr\/wp-json\/wp\/v2\/types\/product"}],"wp:featuredmedia":[{"embeddable":true,"href":"https:\/\/shop.bednar.com\/fr\/wp-json\/wp\/v2\/media\/5653"}],"wp:attachment":[{"href":"https:\/\/shop.bednar.com\/fr\/wp-json\/wp\/v2\/media?parent=4435"}],"wp:term":[{"taxonomy":"product_brand","embeddable":true,"href":"https:\/\/shop.bednar.com\/fr\/wp-json\/wp\/v2\/product_brand?post=4435"},{"taxonomy":"product_cat","embeddable":true,"href":"https:\/\/shop.bednar.com\/fr\/wp-json\/wp\/v2\/product_cat?post=4435"},{"taxonomy":"product_tag","embeddable":true,"href":"https:\/\/shop.bednar.com\/fr\/wp-json\/wp\/v2\/product_tag?post=4435"}],"curies":[{"name":"wp","href":"https:\/\/api.w.org\/{rel}","templated":true}]}}