{"id":4808,"date":"2019-09-24T10:52:41","date_gmt":"2019-09-24T08:52:41","guid":{"rendered":"https:\/\/shop.bednar.com\/platba-doprava\/"},"modified":"2022-03-30T07:49:27","modified_gmt":"2022-03-30T05:49:27","slug":"transport-et-paiement","status":"publish","type":"page","link":"https:\/\/shop.bednar.com\/fr\/transport-et-paiement\/","title":{"rendered":"Transport et paiement"},"content":{"rendered":"\n\n<style type=\"text\/css\" data-created_by=\"avia_inline_auto\" id=\"style-css-av-av_heading-11fe8a0d320c68e9ce217ac6d7fa6d11\">\n#top .av-special-heading.av-av_heading-11fe8a0d320c68e9ce217ac6d7fa6d11{\npadding-bottom:10px;\n}\nbody .av-special-heading.av-av_heading-11fe8a0d320c68e9ce217ac6d7fa6d11 .av-special-heading-tag .heading-char{\nfont-size:25px;\n}\n.av-special-heading.av-av_heading-11fe8a0d320c68e9ce217ac6d7fa6d11 .av-subheading{\nfont-size:15px;\n}\n<\/style>\n<div  class='av-special-heading av-av_heading-11fe8a0d320c68e9ce217ac6d7fa6d11 av-special-heading-h2  avia-builder-el-1  el_after_av_codeblock  el_before_av_textblock  av-linked-heading'><h2 class='av-special-heading-tag '  itemprop=\"headline\"  >Modes de paiement<\/h2><div class=\"special-heading-border\"><div class=\"special-heading-inner-border\"><\/div><\/div><\/div>\n<section  class='av_textblock_section av-k0xl7roa-ba6ec3cefdc0270f664dce9631e43400 '   itemscope=\"itemscope\" itemtype=\"https:\/\/schema.org\/CreativeWork\" ><div class='avia_textblock'  itemprop=\"text\" ><p>Vous pouvez payer vos achats par le biais du portail de paiement ou en ayant recours au syst\u00e8me de paiement PayPal<\/p>\n<\/div><\/section>\n\n<style type=\"text\/css\" data-created_by=\"avia_inline_auto\" id=\"style-css-av-k0xq9aoz-bfeeacc8248e0277c27e19d660b9af84\">\n#top .hr.hr-invisible.av-k0xq9aoz-bfeeacc8248e0277c27e19d660b9af84{\nmargin-top:-10px;\nheight:1px;\n}\n<\/style>\n<div  class='hr av-k0xq9aoz-bfeeacc8248e0277c27e19d660b9af84 hr-invisible  avia-builder-el-3  el_after_av_textblock  el_before_av_one_fifth '><span class='hr-inner '><span class=\"hr-inner-style\"><\/span><\/span><\/div>\n\n<style type=\"text\/css\" data-created_by=\"avia_inline_auto\" id=\"style-css-av-742rwd-f440420b49c6af3023036a98173c9d3d\">\n.flex_column.av-742rwd-f440420b49c6af3023036a98173c9d3d{\nborder-radius:0px 0px 0px 0px;\npadding:0px 0px 0px 0px;\n}\n<\/style>\n<div  class='flex_column av-742rwd-f440420b49c6af3023036a98173c9d3d av_one_fifth  avia-builder-el-4  el_after_av_hr  el_before_av_one_fifth  first flex_column_div av-zero-column-padding  '     ><section  class='av_textblock_section av-k0xl9aab-d33b78af41cbf94f97e8e0da927dfc39 '   itemscope=\"itemscope\" itemtype=\"https:\/\/schema.org\/CreativeWork\" ><div class='avia_textblock'  itemprop=\"text\" ><h3>Passerelle de paiement<\/h3>\n<\/div><\/section><br \/>\n<br \/>\n\n<style type=\"text\/css\" data-created_by=\"avia_inline_auto\" id=\"style-css-av-k0xqfmg4-ca96f448cb17cd6f829afb0f4ae7ec6c\">\n#top .hr.hr-invisible.av-k0xqfmg4-ca96f448cb17cd6f829afb0f4ae7ec6c{\nheight:10px;\n}\n<\/style>\n<div  class='hr av-k0xqfmg4-ca96f448cb17cd6f829afb0f4ae7ec6c hr-invisible  avia-builder-el-7  el_after_av_codeblock  el_before_av_textblock '><span class='hr-inner '><span class=\"hr-inner-style\"><\/span><\/span><\/div><br \/>\n<section  class='av_textblock_section av-k0xlrmzp-ec0d38d072ce6fad2ec4bc8a9446f3a3 '   itemscope=\"itemscope\" itemtype=\"https:\/\/schema.org\/CreativeWork\" ><div class='avia_textblock'  itemprop=\"text\" ><p><span style=\"text-decoration: underline;\"><a href=\"https:\/\/ecommerce-platforms.com\/fr\/glossary\/payment-gateway\" target=\"_blank\" rel=\"noopener noreferrer\">Qu&rsquo;est-ce qu&rsquo;une passerelle de paiement?<\/a><\/span><\/p>\n<\/div><\/section><\/p><\/div>\n\n<style type=\"text\/css\" data-created_by=\"avia_inline_auto\" id=\"style-css-av-742rwd-78c4450ea56fbfe7095b4c234d82e72c\">\n.flex_column.av-742rwd-78c4450ea56fbfe7095b4c234d82e72c{\nborder-radius:0px 0px 0px 0px;\npadding:0px 0px 0px 0px;\n}\n<\/style>\n<div  class='flex_column av-742rwd-78c4450ea56fbfe7095b4c234d82e72c av_one_fifth  avia-builder-el-9  el_after_av_one_fifth  el_before_av_one_fifth  flex_column_div av-zero-column-padding  '     ><section  class='av_textblock_section av-k0xl9aab-712f0cb3dca7dc91aedbe24943109aec '   itemscope=\"itemscope\" itemtype=\"https:\/\/schema.org\/CreativeWork\" ><div class='avia_textblock'  itemprop=\"text\" ><h3 style=\"text-align: left;\">PayPal<\/h3>\n<\/div><\/section><br \/>\n\n<style type=\"text\/css\" data-created_by=\"avia_inline_auto\" id=\"style-css-av-k0xldyxc-652cd2ad2b5d76ff907eef0679f2a0ae\">\n.avia-image-container.av-k0xldyxc-652cd2ad2b5d76ff907eef0679f2a0ae img.avia_image{\nbox-shadow:none;\n}\n.avia-image-container.av-k0xldyxc-652cd2ad2b5d76ff907eef0679f2a0ae .av-image-caption-overlay-center{\ncolor:#ffffff;\n}\n<\/style>\n<div  class='avia-image-container av-k0xldyxc-652cd2ad2b5d76ff907eef0679f2a0ae av-styling- avia-align-left  avia-builder-el-11  el_after_av_textblock  el_before_av_hr '   itemprop=\"image\" itemscope=\"itemscope\" itemtype=\"https:\/\/schema.org\/ImageObject\" ><div class=\"avia-image-container-inner\"><div class=\"avia-image-overlay-wrap\"><img decoding=\"async\" fetchpriority=\"high\" class='wp-image- avia-img-lazy-loading-not- avia_image ' src=\"https:\/\/shop.bednar.com\/wp-content\/uploads\/2019\/09\/PayPal-1-300x136.png\" alt='' title=''   itemprop=\"thumbnailUrl\"  \/><\/div><\/div><\/div><br \/>\n\n<style type=\"text\/css\" data-created_by=\"avia_inline_auto\" id=\"style-css-av-k0xqfmg4-ca96f448cb17cd6f829afb0f4ae7ec6c\">\n#top .hr.hr-invisible.av-k0xqfmg4-ca96f448cb17cd6f829afb0f4ae7ec6c{\nheight:10px;\n}\n<\/style>\n<div  class='hr av-k0xqfmg4-ca96f448cb17cd6f829afb0f4ae7ec6c hr-invisible  avia-builder-el-12  el_after_av_image  el_before_av_textblock '><span class='hr-inner '><span class=\"hr-inner-style\"><\/span><\/span><\/div><br \/>\n<section  class='av_textblock_section av-k0xlsnme-c16c56450b901a1fae3dc92b437f74e7 '   itemscope=\"itemscope\" itemtype=\"https:\/\/schema.org\/CreativeWork\" ><div class='avia_textblock'  itemprop=\"text\" ><p style=\"text-align: left;\"><span style=\"text-decoration: underline;\"><a href=\"https:\/\/www.paypal.com\/fr\/home\" target=\"_blank\" rel=\"noopener noreferrer\">Qu&rsquo;est-ce que PayPal?<\/a><\/span><\/p>\n<\/div><\/section><\/p><\/div>\n\n<style type=\"text\/css\" data-created_by=\"avia_inline_auto\" id=\"style-css-av-4q1f9p-b933f5a2d0ba5c766e7e2d462fb94d02\">\n.flex_column.av-4q1f9p-b933f5a2d0ba5c766e7e2d462fb94d02{\nborder-radius:0px 0px 0px 0px;\npadding:0px 0px 0px 0px;\n}\n<\/style>\n<div  class='flex_column av-4q1f9p-b933f5a2d0ba5c766e7e2d462fb94d02 av_one_fifth  avia-builder-el-14  el_after_av_one_fifth  el_before_av_one_fifth  flex_column_div av-zero-column-padding  '     ><\/div>\n\n<style type=\"text\/css\" data-created_by=\"avia_inline_auto\" id=\"style-css-av-4q1f9p-b933f5a2d0ba5c766e7e2d462fb94d02\">\n.flex_column.av-4q1f9p-b933f5a2d0ba5c766e7e2d462fb94d02{\nborder-radius:0px 0px 0px 0px;\npadding:0px 0px 0px 0px;\n}\n<\/style>\n<div  class='flex_column av-4q1f9p-b933f5a2d0ba5c766e7e2d462fb94d02 av_one_fifth  avia-builder-el-15  el_after_av_one_fifth  el_before_av_one_fifth  flex_column_div av-zero-column-padding  '     ><\/div>\n\n<style type=\"text\/css\" data-created_by=\"avia_inline_auto\" id=\"style-css-av-2hg6tp-6fe6d2561267f8f65cc691feb7f87378\">\n.flex_column.av-2hg6tp-6fe6d2561267f8f65cc691feb7f87378{\nborder-radius:0px 0px 0px 0px;\npadding:0px 0px 0px 0px;\n}\n<\/style>\n<div  class='flex_column av-2hg6tp-6fe6d2561267f8f65cc691feb7f87378 av_one_fifth  avia-builder-el-16  el_after_av_one_fifth  el_before_av_heading  flex_column_div av-zero-column-padding  '     ><\/div>\n\n<style type=\"text\/css\" data-created_by=\"avia_inline_auto\" id=\"style-css-av-av_heading-4dea2a278dddd1982a73fecb565f9fe2\">\n#top .av-special-heading.av-av_heading-4dea2a278dddd1982a73fecb565f9fe2{\npadding-bottom:10px;\n}\nbody .av-special-heading.av-av_heading-4dea2a278dddd1982a73fecb565f9fe2 .av-special-heading-tag .heading-char{\nfont-size:25px;\n}\n.av-special-heading.av-av_heading-4dea2a278dddd1982a73fecb565f9fe2 .av-subheading{\nfont-size:15px;\n}\n<\/style>\n<div  class='av-special-heading av-av_heading-4dea2a278dddd1982a73fecb565f9fe2 av-special-heading-h2  avia-builder-el-17  el_after_av_one_fifth  el_before_av_codeblock  av-linked-heading'><h2 class='av-special-heading-tag '  itemprop=\"headline\"  >TRANSPORT DES MARCHANDISES<\/h2><div class=\"special-heading-border\"><div class=\"special-heading-inner-border\"><\/div><\/div><\/div>\n\n\n<style type=\"text\/css\" data-created_by=\"avia_inline_auto\" id=\"style-css-av-k0xq9jwr-97d20275b1e252e63d1f4a7448c6d61a\">\n#top .hr.hr-invisible.av-k0xq9jwr-97d20275b1e252e63d1f4a7448c6d61a{\nheight:10px;\n}\n<\/style>\n<div  class='hr av-k0xq9jwr-97d20275b1e252e63d1f4a7448c6d61a hr-invisible  avia-builder-el-19  el_after_av_codeblock  el_before_av_textblock '><span class='hr-inner '><span class=\"hr-inner-style\"><\/span><\/span><\/div>\n<section  class='av_textblock_section av-k0xo6edg-b92c6c294a95a9c9960571a223f8e8c9 '   itemscope=\"itemscope\" itemtype=\"https:\/\/schema.org\/CreativeWork\" ><div class='avia_textblock'  itemprop=\"text\" ><h4>*Livraison GRATUITE \u00e0 partir <strong>de 59 \u20ac<\/strong> pour ces pays: CZ, SK, DE, HR, RO, AT, PL, HU, SLO, B, DK, NL, L, LT, LV, EST, FR, IT, IRL, BG, E, GR, P, FIN, SWE, M<\/h4>\n<\/div><\/section>\n\n<style type=\"text\/css\" data-created_by=\"avia_inline_auto\" id=\"style-css-av-av_heading-d2f749dc10f4f21333009ae058aa75e8\">\n#top .av-special-heading.av-av_heading-d2f749dc10f4f21333009ae058aa75e8{\npadding-bottom:10px;\n}\nbody .av-special-heading.av-av_heading-d2f749dc10f4f21333009ae058aa75e8 .av-special-heading-tag .heading-char{\nfont-size:25px;\n}\n.av-special-heading.av-av_heading-d2f749dc10f4f21333009ae058aa75e8 .av-subheading{\nfont-size:15px;\n}\n<\/style>\n<div  class='av-special-heading av-av_heading-d2f749dc10f4f21333009ae058aa75e8 av-special-heading-h3 blockquote modern-quote modern-centered  avia-builder-el-21  el_after_av_textblock  el_before_av_textblock  av-linked-heading'><h3 class='av-special-heading-tag '  itemprop=\"headline\"  >R\u00e9publique tch\u00e8que<\/h3><div class=\"special-heading-border\"><div class=\"special-heading-inner-border\"><\/div><\/div><\/div>\n<section  class='av_textblock_section av-k0xl9aab-d33b78af41cbf94f97e8e0da927dfc39 '   itemscope=\"itemscope\" itemtype=\"https:\/\/schema.org\/CreativeWork\" ><div class='avia_textblock'  itemprop=\"text\" ><h3>Enl\u00e8vement en personne<\/h3>\n<\/div><\/section>\n<section  class='av_textblock_section av-k0xo6edg-793785c9686d6bfa0e9f1b9b410c5136 '   itemscope=\"itemscope\" itemtype=\"https:\/\/schema.org\/CreativeWork\" ><div class='avia_textblock'  itemprop=\"text\" ><p>Vous pouvez enlever les produits command\u00e9s aux diff\u00e9rents points-retraits situ\u00e9s un peu partout en R\u00e9publique tch\u00e8que. Durant le processus de commande, il vous suffira de s\u00e9lectionner l&rsquo;option \u00ab\u00a0Enl\u00e8vement en personne en R\u00e9publique tch\u00e8que\u00a0\u00bb et de d\u00e9finir votre point-retrait pr\u00e9f\u00e9r\u00e9.<\/p>\n<p><strong>Enl\u00e8vement en personne : 50,- CZK, TVA incluse<\/strong><\/p>\n<\/div><\/section>\n<section  class='av_textblock_section av-k0xl9aab-712f0cb3dca7dc91aedbe24943109aec '   itemscope=\"itemscope\" itemtype=\"https:\/\/schema.org\/CreativeWork\" ><div class='avia_textblock'  itemprop=\"text\" ><h3>PPL<\/h3>\n<\/div><\/section>\n<section  class='av_textblock_section av-k0xo6edg-793785c9686d6bfa0e9f1b9b410c5136 '   itemscope=\"itemscope\" itemtype=\"https:\/\/schema.org\/CreativeWork\" ><div class='avia_textblock'  itemprop=\"text\" ><p>La soci\u00e9t\u00e9 PPL\u00a0vous livrera les produits \u00e0 l&rsquo;adresse que vous aurez d\u00e9finie lors de la commande.<\/p>\n<p><strong>PPL : 90,- CZK, TVA incluse<\/strong><\/p>\n<\/div><\/section>\n\n<style type=\"text\/css\" data-created_by=\"avia_inline_auto\" id=\"style-css-av-av_heading-3eb9ef62ef2ab4ddd015e7d318ef9057\">\n#top .av-special-heading.av-av_heading-3eb9ef62ef2ab4ddd015e7d318ef9057{\npadding-bottom:10px;\n}\nbody .av-special-heading.av-av_heading-3eb9ef62ef2ab4ddd015e7d318ef9057 .av-special-heading-tag .heading-char{\nfont-size:25px;\n}\n.av-special-heading.av-av_heading-3eb9ef62ef2ab4ddd015e7d318ef9057 .av-subheading{\nfont-size:15px;\n}\n<\/style>\n<div  class='av-special-heading av-av_heading-3eb9ef62ef2ab4ddd015e7d318ef9057 av-special-heading-h3 blockquote modern-quote modern-centered  avia-builder-el-26  el_after_av_textblock  el_before_av_textblock  av-linked-heading'><h3 class='av-special-heading-tag '  itemprop=\"headline\"  >Autres pays, \u00e0 l\u2019exception de la R\u00e9publique tch\u00e8que<\/h3><div class=\"special-heading-border\"><div class=\"special-heading-inner-border\"><\/div><\/div><\/div>\n<section  class='av_textblock_section av-k0xl9aab-7b6e6a5d844c81f0095a5926bcb5a93c '   itemscope=\"itemscope\" itemtype=\"https:\/\/schema.org\/CreativeWork\" ><div class='avia_textblock'  itemprop=\"text\" ><h3>GLS (DHL, DPD)<\/h3>\n<\/div><\/section>\n<section  class='av_textblock_section av-k0xo6edg-793785c9686d6bfa0e9f1b9b410c5136 '   itemscope=\"itemscope\" itemtype=\"https:\/\/schema.org\/CreativeWork\" ><div class='avia_textblock'  itemprop=\"text\" ><p>La soci\u00e9t\u00e9 GLS (DHL, DPD)\u00a0vous livrera les produits \u00e0 l&rsquo;adresse que vous aurez d\u00e9finie lors de la commande.<\/p>\n<p><strong>Le montant des frais de transport sera calcul\u00e9 en fonction du poids total des produits.<\/strong><br \/>\n(Ci-dessous, vous trouverez un tableau indiquant le prix en fonction du poids)<\/p>\n<\/div><\/section>\n<div class='avia-data-table-wrap av-av_table-7fd87a064ce511c1107921842a216b66 avia_responsive_table avia-table-1'><table  class='avia-table avia-data-table avia_pricing_minimal  avia-builder-el-29  el_after_av_textblock  avia-builder-el-last  tablestyle2'  itemscope=\"itemscope\" itemtype=\"https:\/\/schema.org\/Table\" ><tbody><tr class=''><th class='avia-desc-col'>\u00c9TAT EN CZK SANS TVA<\/th><td class=''>Moins de 2 kg<\/td><td class=''>Moins de 3 kg<br \/>\n<\/td><td class=''>Moins de 5 kg<br \/>\n<\/td><td class=''>Moins de 10 kg<br \/>\n<\/td><td class=''>Moins de 15 kg<\/td><td class=''>Moins de 20 kg<\/td><td class=''>Moins de 999 kg<\/td><\/tr><tr class=''><th class='avia-desc-col'>SK<\/th><td class=''>5,46<\/td><td class=''>5,77<\/td><td class=''>6,01<\/td><td class=''>7,61<\/td><td class=''>8,19<\/td><td class=''>9,63<\/td><td class=''>14,16<\/td><\/tr><tr class=''><th class='avia-desc-col'>DE<br \/>\n<\/th><td class=''>8,54<\/td><td class=''>8,81<\/td><td class=''>9,44<\/td><td class=''>10,45<\/td><td class=''>11,12<\/td><td class=''>13,53<\/td><td class=''>21,88<\/td><\/tr><tr class=''><th class='avia-desc-col'>HR, RO<\/th><td class=''>8,93<\/td><td class=''>9,17<\/td><td class=''>9,71<\/td><td class=''>10,65<\/td><td class=''>12,68<\/td><td class=''>15,72<\/td><td class=''>23,79<\/td><\/tr><tr class=''><th class='avia-desc-col'>AT, PL, HU, SLO<br \/>\n<\/th><td class=''>8,93<\/td><td class=''>9,32<\/td><td class=''>9,71<\/td><td class=''>11,08<\/td><td class=''>12,01<\/td><td class=''>14,31<\/td><td class=''>22,74<\/td><\/tr><tr class=''><th class='avia-desc-col'>B, DK, NL, L, LT, LV, EST<\/th><td class=''>10,02<\/td><td class=''>10,41<\/td><td class=''>11,23<\/td><td class=''>12,52<\/td><td class=''>14,55<\/td><td class=''>17,28<\/td><td class=''>26,17<\/td><\/tr><tr class=''><th class='avia-desc-col'>GB<\/th><td class=''>25,23<\/td><td class=''>28,28<\/td><td class=''>31,28<\/td><td class=''>36,50<\/td><td class=''>44,23<\/td><td class=''>53,27<\/td><td class=''>93,76<\/td><\/tr><tr class=''><th class='avia-desc-col'>FR, IT, IRL, BG, E<br \/>\n<\/th><td class=''>11,54<\/td><td class=''>12,40<\/td><td class=''>13,34<\/td><td class=''>15,09<\/td><td class=''>17,28<\/td><td class=''>20,36<\/td><td class=''>33,03<\/td><\/tr><tr class=''><th class='avia-desc-col'>GR, P, FIN, SWE, M<\/th><td class=''>25,23<\/td><td class=''>28,28<\/td><td class=''>31,28<\/td><td class=''>36,50<\/td><td class=''>44,23<\/td><td class=''>53,27<\/td><td class=''>93,76<\/td><\/tr><tr class=''><th class='avia-desc-col'>Autres pays<\/th><td class=''>122,07<\/td><td class=''>122,07<\/td><td class=''>122,07<\/td><td class=''>139,89<\/td><td class=''>173,82<\/td><td class=''>196,17<\/td><td class=''>304,01<\/td><\/tr><\/tbody><\/table><\/div><style type='text\/css'>.avia-table-1 td:nth-of-type(1):before { content: '\u00c9TAT EN CZK SANS TVA'; } <\/style>\n","protected":false},"excerpt":{"rendered":"","protected":false},"author":1,"featured_media":0,"parent":0,"menu_order":0,"comment_status":"closed","ping_status":"closed","template":"","meta":{"inline_featured_image":false,"footnotes":""},"class_list":["post-4808","page","type-page","status-publish","hentry"],"yoast_head":"<!-- This site is optimized with the Yoast SEO plugin v25.0 - https:\/\/yoast.com\/wordpress\/plugins\/seo\/ -->\n<title>Transport et paiement | Shop BEDNAR FMT<\/title>\n<meta name=\"robots\" content=\"index, follow, max-snippet:-1, max-image-preview:large, max-video-preview:-1\" \/>\n<link rel=\"canonical\" href=\"https:\/\/shop.bednar.com\/fr\/transport-et-paiement\/\" \/>\n<meta property=\"og:locale\" content=\"fr_FR\" \/>\n<meta property=\"og:type\" content=\"article\" \/>\n<meta property=\"og:title\" content=\"Transport et paiement | Shop BEDNAR FMT\" \/>\n<meta property=\"og:url\" content=\"https:\/\/shop.bednar.com\/fr\/transport-et-paiement\/\" \/>\n<meta property=\"og:site_name\" content=\"Shop BEDNAR FMT\" \/>\n<meta property=\"article:publisher\" content=\"https:\/\/www.facebook.com\/BednarFarmMachinery\" \/>\n<meta property=\"article:modified_time\" content=\"2022-03-30T05:49:27+00:00\" \/>\n<meta property=\"og:image\" content=\"https:\/\/www.thepay.cz\/gate\/banner\/?merchantId=4225&amp;accountId=5697&amp;skin=Horizontal&amp;rows=3&amp;cols=2&amp;transparent=1&amp;signature=6b8ef7875d64d3d7ccd8600b106a19ae\" \/>\n<meta name=\"twitter:card\" content=\"summary_large_image\" \/>\n<meta name=\"twitter:label1\" content=\"Dur\u00e9e de lecture estim\u00e9e\" \/>\n\t<meta name=\"twitter:data1\" content=\"13 minutes\" \/>\n<script type=\"application\/ld+json\" class=\"yoast-schema-graph\">{\"@context\":\"https:\/\/schema.org\",\"@graph\":[{\"@type\":\"WebPage\",\"@id\":\"https:\/\/shop.bednar.com\/fr\/transport-et-paiement\/\",\"url\":\"https:\/\/shop.bednar.com\/fr\/transport-et-paiement\/\",\"name\":\"Transport et paiement | Shop BEDNAR FMT\",\"isPartOf\":{\"@id\":\"https:\/\/shop.bednar.com\/fr\/#website\"},\"primaryImageOfPage\":{\"@id\":\"https:\/\/shop.bednar.com\/fr\/transport-et-paiement\/#primaryimage\"},\"image\":{\"@id\":\"https:\/\/shop.bednar.com\/fr\/transport-et-paiement\/#primaryimage\"},\"thumbnailUrl\":\"https:\/\/www.thepay.cz\/gate\/banner\/?merchantId=4225&amp;accountId=5697&amp;skin=Horizontal&amp;rows=3&amp;cols=2&amp;transparent=1&amp;signature=6b8ef7875d64d3d7ccd8600b106a19ae\",\"datePublished\":\"2019-09-24T08:52:41+00:00\",\"dateModified\":\"2022-03-30T05:49:27+00:00\",\"breadcrumb\":{\"@id\":\"https:\/\/shop.bednar.com\/fr\/transport-et-paiement\/#breadcrumb\"},\"inLanguage\":\"fr-FR\",\"potentialAction\":[{\"@type\":\"ReadAction\",\"target\":[\"https:\/\/shop.bednar.com\/fr\/transport-et-paiement\/\"]}]},{\"@type\":\"ImageObject\",\"inLanguage\":\"fr-FR\",\"@id\":\"https:\/\/shop.bednar.com\/fr\/transport-et-paiement\/#primaryimage\",\"url\":\"https:\/\/www.thepay.cz\/gate\/banner\/?merchantId=4225&amp;accountId=5697&amp;skin=Horizontal&amp;rows=3&amp;cols=2&amp;transparent=1&amp;signature=6b8ef7875d64d3d7ccd8600b106a19ae\",\"contentUrl\":\"https:\/\/www.thepay.cz\/gate\/banner\/?merchantId=4225&amp;accountId=5697&amp;skin=Horizontal&amp;rows=3&amp;cols=2&amp;transparent=1&amp;signature=6b8ef7875d64d3d7ccd8600b106a19ae\"},{\"@type\":\"BreadcrumbList\",\"@id\":\"https:\/\/shop.bednar.com\/fr\/transport-et-paiement\/#breadcrumb\",\"itemListElement\":[{\"@type\":\"ListItem\",\"position\":1,\"name\":\"Dom\u016f\",\"item\":\"https:\/\/shop.bednar.com\/fr\/page-daccueil\/\"},{\"@type\":\"ListItem\",\"position\":2,\"name\":\"Transport et paiement\"}]},{\"@type\":\"WebSite\",\"@id\":\"https:\/\/shop.bednar.com\/fr\/#website\",\"url\":\"https:\/\/shop.bednar.com\/fr\/\",\"name\":\"Shop BEDNAR FMT\",\"description\":\"Kolekce propaga\u010dn\u00edch p\u0159edm\u011bt\u016f inovativn\u00edho v\u00fdrobce modern\u00edch zem\u011bd\u011blsk\u00fdch stroj\u016f\",\"publisher\":{\"@id\":\"https:\/\/shop.bednar.com\/fr\/#organization\"},\"potentialAction\":[{\"@type\":\"SearchAction\",\"target\":{\"@type\":\"EntryPoint\",\"urlTemplate\":\"https:\/\/shop.bednar.com\/fr\/?s={search_term_string}\"},\"query-input\":{\"@type\":\"PropertyValueSpecification\",\"valueRequired\":true,\"valueName\":\"search_term_string\"}}],\"inLanguage\":\"fr-FR\"},{\"@type\":\"Organization\",\"@id\":\"https:\/\/shop.bednar.com\/fr\/#organization\",\"name\":\"BEDNAR FMT\",\"url\":\"https:\/\/shop.bednar.com\/fr\/\",\"logo\":{\"@type\":\"ImageObject\",\"inLanguage\":\"fr-FR\",\"@id\":\"https:\/\/shop.bednar.com\/fr\/#\/schema\/logo\/image\/\",\"url\":\"https:\/\/shop.bednar.com\/wp-content\/uploads\/2019\/10\/Logo_Bednar_Header-transparency.png\",\"contentUrl\":\"https:\/\/shop.bednar.com\/wp-content\/uploads\/2019\/10\/Logo_Bednar_Header-transparency.png\",\"width\":190,\"height\":60,\"caption\":\"BEDNAR FMT\"},\"image\":{\"@id\":\"https:\/\/shop.bednar.com\/fr\/#\/schema\/logo\/image\/\"},\"sameAs\":[\"https:\/\/www.facebook.com\/BednarFarmMachinery\",\"https:\/\/www.instagram.com\/bednarfmt\/\",\"https:\/\/www.linkedin.com\/company\/bednar-fmt-s-r-o-\/\",\"https:\/\/www.youtube.com\/channel\/UCLJXfzzR6E4CnyBEFUTAibQ\"]}]}<\/script>\n<!-- \/ Yoast SEO plugin. -->","yoast_head_json":{"title":"Transport et paiement | Shop BEDNAR FMT","robots":{"index":"index","follow":"follow","max-snippet":"max-snippet:-1","max-image-preview":"max-image-preview:large","max-video-preview":"max-video-preview:-1"},"canonical":"https:\/\/shop.bednar.com\/fr\/transport-et-paiement\/","og_locale":"fr_FR","og_type":"article","og_title":"Transport et paiement | Shop BEDNAR FMT","og_url":"https:\/\/shop.bednar.com\/fr\/transport-et-paiement\/","og_site_name":"Shop BEDNAR FMT","article_publisher":"https:\/\/www.facebook.com\/BednarFarmMachinery","article_modified_time":"2022-03-30T05:49:27+00:00","og_image":[{"url":"https:\/\/www.thepay.cz\/gate\/banner\/?merchantId=4225&amp;accountId=5697&amp;skin=Horizontal&amp;rows=3&amp;cols=2&amp;transparent=1&amp;signature=6b8ef7875d64d3d7ccd8600b106a19ae","type":"","width":"","height":""}],"twitter_card":"summary_large_image","twitter_misc":{"Dur\u00e9e de lecture estim\u00e9e":"13 minutes"},"schema":{"@context":"https:\/\/schema.org","@graph":[{"@type":"WebPage","@id":"https:\/\/shop.bednar.com\/fr\/transport-et-paiement\/","url":"https:\/\/shop.bednar.com\/fr\/transport-et-paiement\/","name":"Transport et paiement | Shop BEDNAR FMT","isPartOf":{"@id":"https:\/\/shop.bednar.com\/fr\/#website"},"primaryImageOfPage":{"@id":"https:\/\/shop.bednar.com\/fr\/transport-et-paiement\/#primaryimage"},"image":{"@id":"https:\/\/shop.bednar.com\/fr\/transport-et-paiement\/#primaryimage"},"thumbnailUrl":"https:\/\/www.thepay.cz\/gate\/banner\/?merchantId=4225&amp;accountId=5697&amp;skin=Horizontal&amp;rows=3&amp;cols=2&amp;transparent=1&amp;signature=6b8ef7875d64d3d7ccd8600b106a19ae","datePublished":"2019-09-24T08:52:41+00:00","dateModified":"2022-03-30T05:49:27+00:00","breadcrumb":{"@id":"https:\/\/shop.bednar.com\/fr\/transport-et-paiement\/#breadcrumb"},"inLanguage":"fr-FR","potentialAction":[{"@type":"ReadAction","target":["https:\/\/shop.bednar.com\/fr\/transport-et-paiement\/"]}]},{"@type":"ImageObject","inLanguage":"fr-FR","@id":"https:\/\/shop.bednar.com\/fr\/transport-et-paiement\/#primaryimage","url":"https:\/\/www.thepay.cz\/gate\/banner\/?merchantId=4225&amp;accountId=5697&amp;skin=Horizontal&amp;rows=3&amp;cols=2&amp;transparent=1&amp;signature=6b8ef7875d64d3d7ccd8600b106a19ae","contentUrl":"https:\/\/www.thepay.cz\/gate\/banner\/?merchantId=4225&amp;accountId=5697&amp;skin=Horizontal&amp;rows=3&amp;cols=2&amp;transparent=1&amp;signature=6b8ef7875d64d3d7ccd8600b106a19ae"},{"@type":"BreadcrumbList","@id":"https:\/\/shop.bednar.com\/fr\/transport-et-paiement\/#breadcrumb","itemListElement":[{"@type":"ListItem","position":1,"name":"Dom\u016f","item":"https:\/\/shop.bednar.com\/fr\/page-daccueil\/"},{"@type":"ListItem","position":2,"name":"Transport et paiement"}]},{"@type":"WebSite","@id":"https:\/\/shop.bednar.com\/fr\/#website","url":"https:\/\/shop.bednar.com\/fr\/","name":"Shop BEDNAR FMT","description":"Kolekce propaga\u010dn\u00edch p\u0159edm\u011bt\u016f inovativn\u00edho v\u00fdrobce modern\u00edch zem\u011bd\u011blsk\u00fdch stroj\u016f","publisher":{"@id":"https:\/\/shop.bednar.com\/fr\/#organization"},"potentialAction":[{"@type":"SearchAction","target":{"@type":"EntryPoint","urlTemplate":"https:\/\/shop.bednar.com\/fr\/?s={search_term_string}"},"query-input":{"@type":"PropertyValueSpecification","valueRequired":true,"valueName":"search_term_string"}}],"inLanguage":"fr-FR"},{"@type":"Organization","@id":"https:\/\/shop.bednar.com\/fr\/#organization","name":"BEDNAR FMT","url":"https:\/\/shop.bednar.com\/fr\/","logo":{"@type":"ImageObject","inLanguage":"fr-FR","@id":"https:\/\/shop.bednar.com\/fr\/#\/schema\/logo\/image\/","url":"https:\/\/shop.bednar.com\/wp-content\/uploads\/2019\/10\/Logo_Bednar_Header-transparency.png","contentUrl":"https:\/\/shop.bednar.com\/wp-content\/uploads\/2019\/10\/Logo_Bednar_Header-transparency.png","width":190,"height":60,"caption":"BEDNAR FMT"},"image":{"@id":"https:\/\/shop.bednar.com\/fr\/#\/schema\/logo\/image\/"},"sameAs":["https:\/\/www.facebook.com\/BednarFarmMachinery","https:\/\/www.instagram.com\/bednarfmt\/","https:\/\/www.linkedin.com\/company\/bednar-fmt-s-r-o-\/","https:\/\/www.youtube.com\/channel\/UCLJXfzzR6E4CnyBEFUTAibQ"]}]}},"_links":{"self":[{"href":"https:\/\/shop.bednar.com\/fr\/wp-json\/wp\/v2\/pages\/4808","targetHints":{"allow":["GET"]}}],"collection":[{"href":"https:\/\/shop.bednar.com\/fr\/wp-json\/wp\/v2\/pages"}],"about":[{"href":"https:\/\/shop.bednar.com\/fr\/wp-json\/wp\/v2\/types\/page"}],"author":[{"embeddable":true,"href":"https:\/\/shop.bednar.com\/fr\/wp-json\/wp\/v2\/users\/1"}],"replies":[{"embeddable":true,"href":"https:\/\/shop.bednar.com\/fr\/wp-json\/wp\/v2\/comments?post=4808"}],"version-history":[{"count":3,"href":"https:\/\/shop.bednar.com\/fr\/wp-json\/wp\/v2\/pages\/4808\/revisions"}],"predecessor-version":[{"id":7120,"href":"https:\/\/shop.bednar.com\/fr\/wp-json\/wp\/v2\/pages\/4808\/revisions\/7120"}],"wp:attachment":[{"href":"https:\/\/shop.bednar.com\/fr\/wp-json\/wp\/v2\/media?parent=4808"}],"curies":[{"name":"wp","href":"https:\/\/api.w.org\/{rel}","templated":true}]}}