{"id":4744,"date":"2020-03-13T12:24:43","date_gmt":"2020-03-13T11:24:43","guid":{"rendered":"https:\/\/shop.bednar.com\/magasin\/"},"modified":"2020-03-13T12:24:44","modified_gmt":"2020-03-13T11:24:44","slug":"magasin","status":"publish","type":"page","link":"https:\/\/shop.bednar.com\/fr\/magasin\/","title":{"rendered":"Magasin"},"content":{"rendered":"","protected":false},"excerpt":{"rendered":"","protected":false},"author":1,"featured_media":0,"parent":0,"menu_order":0,"comment_status":"closed","ping_status":"closed","template":"","meta":{"inline_featured_image":false,"footnotes":""},"class_list":["post-4744","page","type-page","status-publish","hentry"],"yoast_head":"<!-- This site is optimized with the Yoast SEO plugin v25.0 - https:\/\/yoast.com\/wordpress\/plugins\/seo\/ -->\n<title>Magasin | Shop BEDNAR FMT<\/title>\n<meta name=\"robots\" content=\"noindex, nofollow\" \/>\n<meta property=\"og:locale\" content=\"fr_FR\" \/>\n<meta property=\"og:type\" content=\"article\" \/>\n<meta property=\"og:title\" content=\"Magasin | Shop BEDNAR FMT\" \/>\n<meta property=\"og:url\" content=\"https:\/\/shop.bednar.com\/fr\/magasin\/\" \/>\n<meta property=\"og:site_name\" content=\"Shop BEDNAR FMT\" \/>\n<meta property=\"article:publisher\" content=\"https:\/\/www.facebook.com\/BednarFarmMachinery\" \/>\n<meta property=\"article:modified_time\" content=\"2020-03-13T11:24:44+00:00\" \/>\n<meta name=\"twitter:card\" content=\"summary_large_image\" \/>\n<script type=\"application\/ld+json\" class=\"yoast-schema-graph\">{\"@context\":\"https:\/\/schema.org\",\"@graph\":[{\"@type\":\"WebPage\",\"@id\":\"https:\/\/shop.bednar.com\/fr\/magasin\/\",\"url\":\"https:\/\/shop.bednar.com\/fr\/magasin\/\",\"name\":\"Magasin | Shop BEDNAR FMT\",\"isPartOf\":{\"@id\":\"https:\/\/shop.bednar.com\/fr\/#website\"},\"datePublished\":\"2020-03-13T11:24:43+00:00\",\"dateModified\":\"2020-03-13T11:24:44+00:00\",\"breadcrumb\":{\"@id\":\"https:\/\/shop.bednar.com\/fr\/magasin\/#breadcrumb\"},\"inLanguage\":\"fr-FR\",\"potentialAction\":[{\"@type\":\"ReadAction\",\"target\":[\"https:\/\/shop.bednar.com\/fr\/magasin\/\"]}]},{\"@type\":\"BreadcrumbList\",\"@id\":\"https:\/\/shop.bednar.com\/fr\/magasin\/#breadcrumb\",\"itemListElement\":[{\"@type\":\"ListItem\",\"position\":1,\"name\":\"Dom\u016f\",\"item\":\"https:\/\/shop.bednar.com\/fr\/page-daccueil\/\"},{\"@type\":\"ListItem\",\"position\":2,\"name\":\"Magasin\"}]},{\"@type\":\"WebSite\",\"@id\":\"https:\/\/shop.bednar.com\/fr\/#website\",\"url\":\"https:\/\/shop.bednar.com\/fr\/\",\"name\":\"Shop BEDNAR FMT\",\"description\":\"Kolekce propaga\u010dn\u00edch p\u0159edm\u011bt\u016f inovativn\u00edho v\u00fdrobce modern\u00edch zem\u011bd\u011blsk\u00fdch stroj\u016f\",\"publisher\":{\"@id\":\"https:\/\/shop.bednar.com\/fr\/#organization\"},\"potentialAction\":[{\"@type\":\"SearchAction\",\"target\":{\"@type\":\"EntryPoint\",\"urlTemplate\":\"https:\/\/shop.bednar.com\/fr\/?s={search_term_string}\"},\"query-input\":{\"@type\":\"PropertyValueSpecification\",\"valueRequired\":true,\"valueName\":\"search_term_string\"}}],\"inLanguage\":\"fr-FR\"},{\"@type\":\"Organization\",\"@id\":\"https:\/\/shop.bednar.com\/fr\/#organization\",\"name\":\"BEDNAR FMT\",\"url\":\"https:\/\/shop.bednar.com\/fr\/\",\"logo\":{\"@type\":\"ImageObject\",\"inLanguage\":\"fr-FR\",\"@id\":\"https:\/\/shop.bednar.com\/fr\/#\/schema\/logo\/image\/\",\"url\":\"https:\/\/shop.bednar.com\/wp-content\/uploads\/2019\/10\/Logo_Bednar_Header-transparency.png\",\"contentUrl\":\"https:\/\/shop.bednar.com\/wp-content\/uploads\/2019\/10\/Logo_Bednar_Header-transparency.png\",\"width\":190,\"height\":60,\"caption\":\"BEDNAR FMT\"},\"image\":{\"@id\":\"https:\/\/shop.bednar.com\/fr\/#\/schema\/logo\/image\/\"},\"sameAs\":[\"https:\/\/www.facebook.com\/BednarFarmMachinery\",\"https:\/\/www.instagram.com\/bednarfmt\/\",\"https:\/\/www.linkedin.com\/company\/bednar-fmt-s-r-o-\/\",\"https:\/\/www.youtube.com\/channel\/UCLJXfzzR6E4CnyBEFUTAibQ\"]}]}<\/script>\n<!-- \/ Yoast SEO plugin. -->","yoast_head_json":{"title":"Magasin | Shop BEDNAR FMT","robots":{"index":"noindex","follow":"nofollow"},"og_locale":"fr_FR","og_type":"article","og_title":"Magasin | Shop BEDNAR FMT","og_url":"https:\/\/shop.bednar.com\/fr\/magasin\/","og_site_name":"Shop BEDNAR FMT","article_publisher":"https:\/\/www.facebook.com\/BednarFarmMachinery","article_modified_time":"2020-03-13T11:24:44+00:00","twitter_card":"summary_large_image","schema":{"@context":"https:\/\/schema.org","@graph":[{"@type":"WebPage","@id":"https:\/\/shop.bednar.com\/fr\/magasin\/","url":"https:\/\/shop.bednar.com\/fr\/magasin\/","name":"Magasin | Shop BEDNAR FMT","isPartOf":{"@id":"https:\/\/shop.bednar.com\/fr\/#website"},"datePublished":"2020-03-13T11:24:43+00:00","dateModified":"2020-03-13T11:24:44+00:00","breadcrumb":{"@id":"https:\/\/shop.bednar.com\/fr\/magasin\/#breadcrumb"},"inLanguage":"fr-FR","potentialAction":[{"@type":"ReadAction","target":["https:\/\/shop.bednar.com\/fr\/magasin\/"]}]},{"@type":"BreadcrumbList","@id":"https:\/\/shop.bednar.com\/fr\/magasin\/#breadcrumb","itemListElement":[{"@type":"ListItem","position":1,"name":"Dom\u016f","item":"https:\/\/shop.bednar.com\/fr\/page-daccueil\/"},{"@type":"ListItem","position":2,"name":"Magasin"}]},{"@type":"WebSite","@id":"https:\/\/shop.bednar.com\/fr\/#website","url":"https:\/\/shop.bednar.com\/fr\/","name":"Shop BEDNAR FMT","description":"Kolekce propaga\u010dn\u00edch p\u0159edm\u011bt\u016f inovativn\u00edho v\u00fdrobce modern\u00edch zem\u011bd\u011blsk\u00fdch stroj\u016f","publisher":{"@id":"https:\/\/shop.bednar.com\/fr\/#organization"},"potentialAction":[{"@type":"SearchAction","target":{"@type":"EntryPoint","urlTemplate":"https:\/\/shop.bednar.com\/fr\/?s={search_term_string}"},"query-input":{"@type":"PropertyValueSpecification","valueRequired":true,"valueName":"search_term_string"}}],"inLanguage":"fr-FR"},{"@type":"Organization","@id":"https:\/\/shop.bednar.com\/fr\/#organization","name":"BEDNAR FMT","url":"https:\/\/shop.bednar.com\/fr\/","logo":{"@type":"ImageObject","inLanguage":"fr-FR","@id":"https:\/\/shop.bednar.com\/fr\/#\/schema\/logo\/image\/","url":"https:\/\/shop.bednar.com\/wp-content\/uploads\/2019\/10\/Logo_Bednar_Header-transparency.png","contentUrl":"https:\/\/shop.bednar.com\/wp-content\/uploads\/2019\/10\/Logo_Bednar_Header-transparency.png","width":190,"height":60,"caption":"BEDNAR FMT"},"image":{"@id":"https:\/\/shop.bednar.com\/fr\/#\/schema\/logo\/image\/"},"sameAs":["https:\/\/www.facebook.com\/BednarFarmMachinery","https:\/\/www.instagram.com\/bednarfmt\/","https:\/\/www.linkedin.com\/company\/bednar-fmt-s-r-o-\/","https:\/\/www.youtube.com\/channel\/UCLJXfzzR6E4CnyBEFUTAibQ"]}]}},"_links":{"self":[{"href":"https:\/\/shop.bednar.com\/fr\/wp-json\/wp\/v2\/pages\/4744","targetHints":{"allow":["GET"]}}],"collection":[{"href":"https:\/\/shop.bednar.com\/fr\/wp-json\/wp\/v2\/pages"}],"about":[{"href":"https:\/\/shop.bednar.com\/fr\/wp-json\/wp\/v2\/types\/page"}],"author":[{"embeddable":true,"href":"https:\/\/shop.bednar.com\/fr\/wp-json\/wp\/v2\/users\/1"}],"replies":[{"embeddable":true,"href":"https:\/\/shop.bednar.com\/fr\/wp-json\/wp\/v2\/comments?post=4744"}],"version-history":[{"count":0,"href":"https:\/\/shop.bednar.com\/fr\/wp-json\/wp\/v2\/pages\/4744\/revisions"}],"wp:attachment":[{"href":"https:\/\/shop.bednar.com\/fr\/wp-json\/wp\/v2\/media?parent=4744"}],"curies":[{"name":"wp","href":"https:\/\/api.w.org\/{rel}","templated":true}]}}