{"id":4713,"date":"2019-09-23T11:59:12","date_gmt":"2019-09-23T09:59:12","guid":{"rendered":"https:\/\/shop.bednar.com\/ochrana-osobnich-udaju\/"},"modified":"2020-03-12T17:34:51","modified_gmt":"2020-03-12T16:34:51","slug":"protection-des-donnees-a-caractere-personnel","status":"publish","type":"page","link":"https:\/\/shop.bednar.com\/fr\/protection-des-donnees-a-caractere-personnel\/","title":{"rendered":"PROTECTION DES DONN\u00c9ES \u00c0 CARACT\u00c8RE PERSONNEL"},"content":{"rendered":"\n<style type=\"text\/css\" data-created_by=\"avia_inline_auto\" id=\"style-css-av-k7oyvn8c-f38a8220ba195e1887c178e7b279b7d1\">\n#top .av-special-heading.av-k7oyvn8c-f38a8220ba195e1887c178e7b279b7d1{\npadding-bottom:10px;\nfont-size:38px;\n}\nbody .av-special-heading.av-k7oyvn8c-f38a8220ba195e1887c178e7b279b7d1 .av-special-heading-tag .heading-char{\nfont-size:25px;\n}\n#top #wrap_all .av-special-heading.av-k7oyvn8c-f38a8220ba195e1887c178e7b279b7d1 .av-special-heading-tag{\nfont-size:38px;\n}\n.av-special-heading.av-k7oyvn8c-f38a8220ba195e1887c178e7b279b7d1 .av-subheading{\nfont-size:15px;\n}\n\n@media only screen and (min-width: 480px) and (max-width: 767px){ \n#top #wrap_all .av-special-heading.av-k7oyvn8c-f38a8220ba195e1887c178e7b279b7d1 .av-special-heading-tag{\nfont-size:0.8em;\n}\n}\n\n@media only screen and (max-width: 479px){ \n#top #wrap_all .av-special-heading.av-k7oyvn8c-f38a8220ba195e1887c178e7b279b7d1 .av-special-heading-tag{\nfont-size:0.8em;\n}\n}\n<\/style>\n<div  class='av-special-heading av-k7oyvn8c-f38a8220ba195e1887c178e7b279b7d1 av-special-heading-h1 blockquote modern-quote  avia-builder-el-0  el_before_av_hr  avia-builder-el-first  av-inherit-size'><h1 class='av-special-heading-tag '  itemprop=\"headline\"  >PROTECTION DES DONN\u00c9ES \u00c0 CARACT\u00c8RE PERSONNEL<\/h1><div class=\"special-heading-border\"><div class=\"special-heading-inner-border\"><\/div><\/div><\/div>\n\n<style type=\"text\/css\" data-created_by=\"avia_inline_auto\" id=\"style-css-av-jmrh1scc-2a561d513ec42274bf6c93f6c87bb72a\">\n#top .hr.hr-invisible.av-jmrh1scc-2a561d513ec42274bf6c93f6c87bb72a{\nheight:30px;\n}\n<\/style>\n<div  class='hr av-jmrh1scc-2a561d513ec42274bf6c93f6c87bb72a hr-invisible  avia-builder-el-1  el_after_av_heading  el_before_av_textblock '><span class='hr-inner '><span class=\"hr-inner-style\"><\/span><\/span><\/div>\n<section  class='av_textblock_section av-jmrgpu9e-80c56da2f7c06bd1b4c636334c1b416e '   itemscope=\"itemscope\" itemtype=\"https:\/\/schema.org\/CreativeWork\" ><div class='avia_textblock'  itemprop=\"text\" ><h2><strong>QUI TRAITE VOS DONN\u00c9ES \u00c0 CARACT\u00c8RE PERSONNEL ?<\/strong><\/h2>\n<p style=\"text-align: justify; line-height: 19.8pt; vertical-align: baseline; margin: 10.2pt 0cm 10.2pt 0cm;\"><span lang=\"FR\" style=\"font-family: 'inherit',serif;\">Nous sommes la soci\u00e9t\u00e9 BEDNAR FMT s.r.o., SIRET : 250 98 781, si\u00e9geant Lohenick\u00e1 607, 190\u00a017 Prague 9, inscrite au Registre du Commerce et des Soci\u00e9t\u00e9s aupr\u00e8s du Tribunal municipal de Prague, section C, dossier n\u00b0\u00a049530, et en tant que responsable du traitement, nous allons traiter vos donn\u00e9es \u00e0 caract\u00e8re personnel conform\u00e9ment aux principes d\u00e9finis ci-dessous.<\/span><\/p>\n<h2><strong>QUELLES SONT LES DONN\u00c9ES \u00c0 CARACT\u00c8RE PERSONNEL VOUS CONCERNANT QUE NOUS ALLONS TRAITER\u00a0?<\/strong><\/h2>\n<p style=\"text-align: justify; line-height: 19.8pt; vertical-align: baseline; margin: 10.2pt 0cm 10.2pt 0cm;\"><span lang=\"FR\" style=\"font-family: 'inherit',serif;\">Nous ne traiterons que les donn\u00e9es \u00e0 caract\u00e8re personnel que vous nous procurez dans le cadre de l&rsquo;utilisation de nos services (par exemple dans le cadre d&rsquo;une demande de machine ou d&rsquo;accessoires ou lorsque vous vous inscrivez \u00e0 notre newsletter, etc.). Nous pouvons \u00e9galement traiter vos donn\u00e9es issues d&rsquo;interactions en ligne et \u00e9lectroniques, ce qui inclut les sites Internet, les messages textes ou les applications sur les r\u00e9seaux sociaux de tiers (par exemple Facebook).<\/span><\/p>\n<p style=\"text-align: justify; line-height: 19.8pt; vertical-align: baseline; margin: 10.2pt 0cm 10.2pt 0cm;\"><span lang=\"FR\" style=\"font-family: 'inherit',serif;\">Il s&rsquo;agira le plus fr\u00e9quemment des informations que vous nous transmettez lorsque vous vous inscrivez \u00e0 un de nos services :<\/span><\/p>\n<ul>\n<li>adresse e-mail,<\/li>\n<li>mot de passe s&rsquo;il est n\u00e9cessaire pour acc\u00e9der \u00e0 un de nos services (par exemple le bednar service portal),<\/li>\n<li>votre pr\u00e9nom et votre nom (uniquement si c&rsquo;est indispensable pour le service en question),<\/li>\n<li>votre adresse de contact et\/ou de livraison (uniquement si c&rsquo;est indispensable pour le service en question),<\/li>\n<li>votre num\u00e9ro de t\u00e9l\u00e9phone,<\/li>\n<li>les autres informations que vous saisissez de mani\u00e8re volontaire (par exemple dans le formulaire de prise de contact) ou que vous nous transmettez dans le cadre d&rsquo;un appel t\u00e9l\u00e9phonique.<\/li>\n<\/ul>\n<p style=\"text-align: justify; line-height: 19.8pt; vertical-align: baseline; margin: 10.2pt 0cm 10.2pt 0cm;\"><span lang=\"FR\" style=\"font-family: 'inherit',serif;\">Les autres informations que nous obtenons du fait que vous avez recours \u00e0 nos services :<\/span><\/p>\n<ul>\n<li>votre adresse IP,<\/li>\n<li>les fichiers cookies (dans le cas des services en ligne),<\/li>\n<li>un \u00e9ventuel autre identificateur en ligne.<\/li>\n<\/ul>\n<h2><strong>DANS QUELLES FINALIT\u00c9S ET DE QUELLE MANI\u00c8RE ALLONS-NOUS TRAITER VOS DONN\u00c9ES \u00c0 CARACT\u00c8RE PERSONNEL ?<\/strong><\/h2>\n<p style=\"text-align: justify; line-height: 19.8pt; vertical-align: baseline; margin: 10.2pt 0cm 10.2pt 0cm;\"><span lang=\"FR\" style=\"font-family: 'inherit',serif;\">Notre soci\u00e9t\u00e9 ne collecte ces informations que dans les cas o\u00f9 cela est indispensable et elle ne les utilisera que pour les finalit\u00e9s convenues, soit par exemple :<\/span><\/p>\n<ul>\n<li>les commandes en ligne \u2013 traitement et r\u00e9alisation de votre commande,<\/li>\n<li>la gestion de votre compte \u2013 cr\u00e9ation et administration du compte,<\/li>\n<li>le service \u00e0 la client\u00e8le \u2013 procuration de services, r\u00e9action \u00e0 vos questions, plaintes et informations g\u00e9n\u00e9rales relatives \u00e0 nos produits ; le service apr\u00e8s-vente peut utiliser diff\u00e9rentes formes de communication, comme un e-mail, un courrier \u00e9crit, un appel t\u00e9l\u00e9phonique,<\/li>\n<li>la personnalisation \u2013 nous pouvons combiner les informations issues de diff\u00e9rentes sources (par exemple le site Internet et les activit\u00e9s offline) ; cette association permet \u00e0 notre soci\u00e9t\u00e9 de proposer des services de meilleure qualit\u00e9.<\/li>\n<\/ul>\n<h2><strong>QUI AURA ACC\u00c8S AUX DONN\u00c9ES \u00c0 CARACT\u00c8RE PERSONNEL VOUS CONCERNANT ?<\/strong><\/h2>\n<p style=\"text-align: justify; line-height: 19.8pt; vertical-align: baseline; margin: 10.2pt 0cm 10.2pt 0cm;\"><span lang=\"FR\" style=\"font-family: 'inherit',serif;\">Chez nous, vos donn\u00e9es sont en toute s\u00e9curit\u00e9. Nous choisissons soigneusement les partenaires auxquels nous confions vos donn\u00e9es. Ces partenaires doivent \u00eatre capables de garantir une s\u00e9curit\u00e9 technique et organisationnelle telle que personne ne puisse acc\u00e9der de mani\u00e8re non-autoris\u00e9e ou fortuite \u00e0 vos donn\u00e9es et que personne ne puisse abuser de vos donn\u00e9es. Prot\u00e9ger vos donn\u00e9es est notre priorit\u00e9. Tous nos partenaires sont li\u00e9s par une obligation de confidentialit\u00e9 et ils ne peuvent pas utiliser les donn\u00e9es fournies dans des buts diff\u00e9rents de ceux pour lesquels nous les leur avons rendues accessibles.<\/span><\/p>\n<p style=\"text-align: justify; line-height: 19.8pt; vertical-align: baseline; margin: 10.2pt 0cm 10.2pt 0cm;\"><span lang=\"FR\" style=\"font-family: 'inherit',serif;\">En fonction du caract\u00e8re du service que vous utilisez ou que vous avez utilis\u00e9, les tiers qui peuvent avoir acc\u00e8s \u00e0 vos donn\u00e9es \u00e0 caract\u00e8re personnel sont:<\/span><\/p>\n<ul>\n<li>les personnes \u00e0 qui nous procurons ces informations dans un but d&rsquo;analyse de la fr\u00e9quentation de nos sites Internet,<\/li>\n<li>les personnes qui assurent le fonctionnement technique et la s\u00e9curit\u00e9 d&rsquo;un de nos services ou les exploitants des technologies auxquelles nous avons recours dans le cadre de la prestation de nos services,<\/li>\n<li>les partenaires commerciaux ou sponsors qui participent \u00e0 l&rsquo;organisation de nos \u00e9v\u00e9nements, conf\u00e9rences, s\u00e9minaires, etc.,<\/li>\n<li>les personnes qui, d&rsquo;un point de vue technique, assurent l&rsquo;envoi de nos mat\u00e9riaux commerciaux et\/ou publicitaires,<\/li>\n<li>les personnes qui assurent la distribution des produits que vous avez command\u00e9s (transporteurs contractuels),<\/li>\n<li>les exploitants des syst\u00e8mes publicitaires dans le cadre d&rsquo;une publicit\u00e9 cibl\u00e9e.<\/li>\n<\/ul>\n<p style=\"text-align: justify; line-height: 19.8pt; vertical-align: baseline; margin: 10.2pt 0cm 10.2pt 0cm;\"><span lang=\"FR\" style=\"font-family: 'inherit',serif;\">Dans certaines conditions clairement d\u00e9finies, nous pouvons \u00eatre dans l&rsquo;obligation de transmettre vos donn\u00e9es \u00e0 caract\u00e8re personnel sur la base de dispositions l\u00e9gales et\/ou r\u00e9glementaires, par exemple \u00e0 la Police de la R\u00e9publique tch\u00e8que ou \u00e0 une autre autorit\u00e9 active dans le cadre de la proc\u00e9dure p\u00e9nale, ce qui inclut \u00e9galement les unit\u00e9s sp\u00e9ciales (unit\u00e9 de lutte contre le crime organis\u00e9, Administration des douanes, etc.) et d&rsquo;autres autorit\u00e9s de l&rsquo;administration publique.<\/span><\/p>\n<h2><strong>DURANT COMBIEN DE TEMPS ALLONS-NOUS TRAITER LES DONN\u00c9ES \u00c0 CARACT\u00c8RE PERSONNEL VOUS CONCERNANT ?<\/strong><\/h2>\n<p style=\"text-align: justify; line-height: 19.8pt; vertical-align: baseline; margin: 10.2pt 0cm 10.2pt 0cm;\"><span lang=\"FR\" style=\"font-family: 'inherit',serif;\">Nous allons traiter vos donn\u00e9es pendant toute la p\u00e9riode durant laquelle vous utilisez nos services (ce qui correspond \u00e0 la dur\u00e9e de la relation contractuelle convenue entre nous) et ensuite, durant la p\u00e9riode indispensable \u00e0 la protection de nos droits, \u00e0 la mise en application de droits au titre d&rsquo;une prestation d\u00e9fectueuse ou au titre de la responsabilit\u00e9 envers des d\u00e9fauts.<\/span><\/p>\n<p style=\"text-align: justify; line-height: 19.8pt; vertical-align: baseline; margin: 10.2pt 0cm 10.2pt 0cm;\"><span lang=\"FR\" style=\"font-family: 'inherit',serif;\">En cas d&rsquo;attribution d&rsquo;un consentement explicite, vos donn\u00e9es seront trait\u00e9es durant la p\u00e9riode indiqu\u00e9e dans ce consentement, au plus cependant durant une p\u00e9riode de dix ann\u00e9es, \u00e0 moins que vous ne retiriez votre consentement avec le traitement de vos donn\u00e9es personnelles avant l&rsquo;expiration de cette p\u00e9riode.<\/span><\/p>\n<p style=\"text-align: justify; line-height: 19.8pt; vertical-align: baseline; margin: 10.2pt 0cm 10.2pt 0cm;\"><span lang=\"FR\" style=\"font-family: 'inherit',serif;\">Nous souhaiterions attirer ici votre attention sur le fait que, durant la p\u00e9riode d\u00e9finie par la l\u00e9gislation pertinente ou conform\u00e9ment \u00e0 cette m\u00eame l\u00e9gislation, que vous nous ayez donn\u00e9 votre consentement ou non, nous devons traiter les donn\u00e9es \u00e0 caract\u00e8re personnel qui sont indispensables au bon fonctionnement des services, respectivement dont nous avons besoin pour satisfaire \u00e0 toutes nos obligations, que ces obligations d\u00e9coulent du contrat existant entre nous ou de la l\u00e9gislation g\u00e9n\u00e9rale en vigueur et ce, m\u00eame apr\u00e8s un \u00e9ventuel retrait de votre consentement.<\/span><\/p>\n<h2><strong>COMMENT LES DONN\u00c9ES \u00c0 CARACT\u00c8RE PERSONNEL VOUS CONCERNANT SONT-ELLES S\u00c9CURIS\u00c9ES ?<\/strong><\/h2>\n<p style=\"text-align: justify; line-height: 19.8pt; vertical-align: baseline; margin: 10.2pt 0cm 10.2pt 0cm;\"><span lang=\"FR\" style=\"font-family: 'inherit',serif;\">Notre soci\u00e9t\u00e9 a \u00e9tabli un r\u00e8glement int\u00e9rieur strict concernant le traitement des donn\u00e9es \u00e0 caract\u00e8re personnel et l&rsquo;ensemble de nos employ\u00e9s se doivent de respecter ce r\u00e8glement. Nos employ\u00e9s sont li\u00e9s par une clause de confidentialit\u00e9 et ils sont r\u00e9guli\u00e8rement form\u00e9s et contr\u00f4l\u00e9s dans ce domaine. De m\u00eame, tous nos partenaires contractuels sont, eux aussi, li\u00e9s par une clause de confidentialit\u00e9. Ils se doivent \u00e9galement de prendre des mesures efficaces pour prot\u00e9ger les donn\u00e9es \u00e0 caract\u00e8re personnel et ils ne peuvent traiter les donn\u00e9es personnelles que de la mani\u00e8re et dans les finalit\u00e9s d\u00e9finies par notre soci\u00e9t\u00e9. Les technologies et les applications logicielles que nous utilisons sont parfaitement s\u00e9curis\u00e9es. Vous ne devez donc avoir aucune crainte concernant vos donn\u00e9es \u00e0 caract\u00e8re personnel. Par exemple, lorsque vous nous procurez des donn\u00e9es personnelles en ligne, nous utilisons un outil standard de chiffrage sur l&rsquo;Internet \u2013 la technologie de transmission de donn\u00e9es HTTPS (Hypertext Transfer Protocol Secure) afin de garantir la protection des informations que vous nous transmettez.<\/span><\/p>\n<h2><strong>QUE SONT LES COOKIES ET QUELS TYPES DE COOKIES UTILISONS-NOUS ?<\/strong><\/h2>\n<p>Les cookies sont des petits fichiers de donn\u00e9es gr\u00e2ce auxquels les sites Internet que vous consultez se souviennent des op\u00e9rations et des r\u00e9glages que vous y avez effectu\u00e9s. Gr\u00e2ce \u00e0 ces cookies, vous ne devez pas ressaisir ces informations \u00e0 chaque fois que vous revenez sur le site. Les fichiers cookies sont sauvegard\u00e9s dans les diff\u00e9rents ordinateurs, \u00e0 l&rsquo;aide du navigateur web. Les cookies ne repr\u00e9sentent pas un danger, ils ne servent pas \u00e0 collecter des donn\u00e9es personnelles sensibles mais ils sont importants pour la protection de votre vie priv\u00e9e. Nous n&rsquo;utilisons pas les fichiers cookies pour d\u00e9terminer l&rsquo;identit\u00e9 des utilisateurs de notre site Internet, ni pour abuser de vos codes d&rsquo;acc\u00e8s.<\/p>\n<p>Un autre groupe est repr\u00e9sent\u00e9 par les cookies de tiers (par exemple Google Analytics pour l&rsquo;analyse du taux de fr\u00e9quentation d&rsquo;un site Internet ou d&rsquo;un service concret, ou encore les cookies des exploitants des syst\u00e8mes publicitaires utilis\u00e9s sur notre site Internet). Ces cookies sont g\u00e9r\u00e9s par les tiers et nous n&rsquo;avons acc\u00e8s ni \u00e0 la lecture ni \u00e0 l&rsquo;enregistrement de ces informations.<\/p>\n<p>Si l&#8217;emploi des cookies est autoris\u00e9 dans votre navigateur, nous partons du principe que vous acceptez que nos sites Internet utilisent des cookies standards.<\/p>\n<p>Vous trouverez de plus amples informations sur les diff\u00e9rents types de cookies, leur emploi et la mani\u00e8re de les effacer en cliquant <a href=\"https:\/\/policies.google.com\/technologies\/cookies?hl=cs\">ici<\/a>.<\/p>\n<h2><strong>DE QUELS DROITS DISPOSEZ-VOUS EN RELATION AVEC LA PROTECTION DE VOS DONN\u00c9ES \u00c0 CARACT\u00c8RE PERSONNEL ?<\/strong><\/h2>\n<p>En relation avec vos donn\u00e9es \u00e0 caract\u00e8re personnel, vous disposez principalement des droits suivants :<\/p>\n<ul>\n<li>vous avez le droit de retirer votre consentement \u00e0 tout moment,<\/li>\n<li>vous avez le droit de rectifier ou de modifier vos donn\u00e9es personnelles,<\/li>\n<li>vous avez le droit de demander une limitation au traitement,<\/li>\n<li>vous avez le droit de vous opposer ou de porter plainte contre le traitement \u2013 dans certains cas,<\/li>\n<li>vous avez le droit d&rsquo;exiger la portabilit\u00e9 de vos donn\u00e9es,<\/li>\n<li>vous avez le droit d&rsquo;acc\u00e9der \u00e0 vos donn\u00e9es personnelles,<\/li>\n<li>vous avez le droit d&rsquo;\u00eatre inform\u00e9 d&rsquo;une violation de la s\u00e9curit\u00e9 des donn\u00e9es personnelles \u2013 dans certains cas,<\/li>\n<li>vous avez le droit de demander que vos donn\u00e9es personnelles soient effac\u00e9es (droit d&rsquo;oubli) \u2013 dans certains cas \u2013 et<\/li>\n<li>les autres droits d\u00e9finis par les dispositions de la loi sur la protection des donn\u00e9es personnelles et du R\u00e8glement g\u00e9n\u00e9ral relatif \u00e0 la protection des donn\u00e9es \u00e0 caract\u00e8re personnel (Arr\u00eat\u00e9 n\u00b0 2016\/679) une fois qu&rsquo;il sera entr\u00e9 en vigueur.<\/li>\n<\/ul>\n<p>Vous pourrez faire valoir vos droits en nous contactant \u00e0 l&rsquo;adresse \u00e9lectronique\u00a0:\u00a0<a href=\"mailto:gdpr@bednarfmt.com\">gdpr@bednarfmt.com<\/a>\u00a0ou en nous envoyant un courrier \u00e0 l&rsquo;adresse du si\u00e8ge de la soci\u00e9t\u00e9. En fonction du caract\u00e8re des donn\u00e9es concern\u00e9es, vous pourrez \u00eatre invit\u00e9 \u00e0 prouver votre identit\u00e9.<\/p>\n<p>Prague, le 1<sup>er<\/sup> septembre 2019<\/p>\n<\/div><\/section>\n","protected":false},"excerpt":{"rendered":"","protected":false},"author":1,"featured_media":0,"parent":0,"menu_order":0,"comment_status":"closed","ping_status":"closed","template":"","meta":{"inline_featured_image":false,"footnotes":""},"class_list":["post-4713","page","type-page","status-publish","hentry"],"yoast_head":"<!-- This site is optimized with the Yoast SEO plugin v25.0 - https:\/\/yoast.com\/wordpress\/plugins\/seo\/ -->\n<title>PROTECTION DES DONN\u00c9ES \u00c0 CARACT\u00c8RE PERSONNEL | Shop BEDNAR FMT<\/title>\n<meta name=\"robots\" content=\"index, follow, max-snippet:-1, max-image-preview:large, max-video-preview:-1\" \/>\n<link rel=\"canonical\" href=\"https:\/\/shop.bednar.com\/fr\/protection-des-donnees-a-caractere-personnel\/\" \/>\n<meta property=\"og:locale\" content=\"fr_FR\" \/>\n<meta property=\"og:type\" content=\"article\" \/>\n<meta property=\"og:title\" content=\"PROTECTION DES DONN\u00c9ES \u00c0 CARACT\u00c8RE PERSONNEL | Shop BEDNAR FMT\" \/>\n<meta property=\"og:url\" content=\"https:\/\/shop.bednar.com\/fr\/protection-des-donnees-a-caractere-personnel\/\" \/>\n<meta property=\"og:site_name\" content=\"Shop BEDNAR FMT\" \/>\n<meta property=\"article:publisher\" content=\"https:\/\/www.facebook.com\/BednarFarmMachinery\" \/>\n<meta property=\"article:modified_time\" content=\"2020-03-12T16:34:51+00:00\" \/>\n<meta name=\"twitter:card\" content=\"summary_large_image\" \/>\n<meta name=\"twitter:label1\" content=\"Dur\u00e9e de lecture estim\u00e9e\" \/>\n\t<meta name=\"twitter:data1\" content=\"9 minutes\" \/>\n<script type=\"application\/ld+json\" class=\"yoast-schema-graph\">{\"@context\":\"https:\/\/schema.org\",\"@graph\":[{\"@type\":\"WebPage\",\"@id\":\"https:\/\/shop.bednar.com\/fr\/protection-des-donnees-a-caractere-personnel\/\",\"url\":\"https:\/\/shop.bednar.com\/fr\/protection-des-donnees-a-caractere-personnel\/\",\"name\":\"PROTECTION DES DONN\u00c9ES \u00c0 CARACT\u00c8RE PERSONNEL | Shop BEDNAR FMT\",\"isPartOf\":{\"@id\":\"https:\/\/shop.bednar.com\/fr\/#website\"},\"datePublished\":\"2019-09-23T09:59:12+00:00\",\"dateModified\":\"2020-03-12T16:34:51+00:00\",\"breadcrumb\":{\"@id\":\"https:\/\/shop.bednar.com\/fr\/protection-des-donnees-a-caractere-personnel\/#breadcrumb\"},\"inLanguage\":\"fr-FR\",\"potentialAction\":[{\"@type\":\"ReadAction\",\"target\":[\"https:\/\/shop.bednar.com\/fr\/protection-des-donnees-a-caractere-personnel\/\"]}]},{\"@type\":\"BreadcrumbList\",\"@id\":\"https:\/\/shop.bednar.com\/fr\/protection-des-donnees-a-caractere-personnel\/#breadcrumb\",\"itemListElement\":[{\"@type\":\"ListItem\",\"position\":1,\"name\":\"Dom\u016f\",\"item\":\"https:\/\/shop.bednar.com\/fr\/page-daccueil\/\"},{\"@type\":\"ListItem\",\"position\":2,\"name\":\"PROTECTION DES DONN\u00c9ES \u00c0 CARACT\u00c8RE PERSONNEL\"}]},{\"@type\":\"WebSite\",\"@id\":\"https:\/\/shop.bednar.com\/fr\/#website\",\"url\":\"https:\/\/shop.bednar.com\/fr\/\",\"name\":\"Shop BEDNAR FMT\",\"description\":\"Kolekce propaga\u010dn\u00edch p\u0159edm\u011bt\u016f inovativn\u00edho v\u00fdrobce modern\u00edch zem\u011bd\u011blsk\u00fdch stroj\u016f\",\"publisher\":{\"@id\":\"https:\/\/shop.bednar.com\/fr\/#organization\"},\"potentialAction\":[{\"@type\":\"SearchAction\",\"target\":{\"@type\":\"EntryPoint\",\"urlTemplate\":\"https:\/\/shop.bednar.com\/fr\/?s={search_term_string}\"},\"query-input\":{\"@type\":\"PropertyValueSpecification\",\"valueRequired\":true,\"valueName\":\"search_term_string\"}}],\"inLanguage\":\"fr-FR\"},{\"@type\":\"Organization\",\"@id\":\"https:\/\/shop.bednar.com\/fr\/#organization\",\"name\":\"BEDNAR FMT\",\"url\":\"https:\/\/shop.bednar.com\/fr\/\",\"logo\":{\"@type\":\"ImageObject\",\"inLanguage\":\"fr-FR\",\"@id\":\"https:\/\/shop.bednar.com\/fr\/#\/schema\/logo\/image\/\",\"url\":\"https:\/\/shop.bednar.com\/wp-content\/uploads\/2019\/10\/Logo_Bednar_Header-transparency.png\",\"contentUrl\":\"https:\/\/shop.bednar.com\/wp-content\/uploads\/2019\/10\/Logo_Bednar_Header-transparency.png\",\"width\":190,\"height\":60,\"caption\":\"BEDNAR FMT\"},\"image\":{\"@id\":\"https:\/\/shop.bednar.com\/fr\/#\/schema\/logo\/image\/\"},\"sameAs\":[\"https:\/\/www.facebook.com\/BednarFarmMachinery\",\"https:\/\/www.instagram.com\/bednarfmt\/\",\"https:\/\/www.linkedin.com\/company\/bednar-fmt-s-r-o-\/\",\"https:\/\/www.youtube.com\/channel\/UCLJXfzzR6E4CnyBEFUTAibQ\"]}]}<\/script>\n<!-- \/ Yoast SEO plugin. -->","yoast_head_json":{"title":"PROTECTION DES DONN\u00c9ES \u00c0 CARACT\u00c8RE PERSONNEL | Shop BEDNAR FMT","robots":{"index":"index","follow":"follow","max-snippet":"max-snippet:-1","max-image-preview":"max-image-preview:large","max-video-preview":"max-video-preview:-1"},"canonical":"https:\/\/shop.bednar.com\/fr\/protection-des-donnees-a-caractere-personnel\/","og_locale":"fr_FR","og_type":"article","og_title":"PROTECTION DES DONN\u00c9ES \u00c0 CARACT\u00c8RE PERSONNEL | Shop BEDNAR FMT","og_url":"https:\/\/shop.bednar.com\/fr\/protection-des-donnees-a-caractere-personnel\/","og_site_name":"Shop BEDNAR FMT","article_publisher":"https:\/\/www.facebook.com\/BednarFarmMachinery","article_modified_time":"2020-03-12T16:34:51+00:00","twitter_card":"summary_large_image","twitter_misc":{"Dur\u00e9e de lecture estim\u00e9e":"9 minutes"},"schema":{"@context":"https:\/\/schema.org","@graph":[{"@type":"WebPage","@id":"https:\/\/shop.bednar.com\/fr\/protection-des-donnees-a-caractere-personnel\/","url":"https:\/\/shop.bednar.com\/fr\/protection-des-donnees-a-caractere-personnel\/","name":"PROTECTION DES DONN\u00c9ES \u00c0 CARACT\u00c8RE PERSONNEL | Shop BEDNAR FMT","isPartOf":{"@id":"https:\/\/shop.bednar.com\/fr\/#website"},"datePublished":"2019-09-23T09:59:12+00:00","dateModified":"2020-03-12T16:34:51+00:00","breadcrumb":{"@id":"https:\/\/shop.bednar.com\/fr\/protection-des-donnees-a-caractere-personnel\/#breadcrumb"},"inLanguage":"fr-FR","potentialAction":[{"@type":"ReadAction","target":["https:\/\/shop.bednar.com\/fr\/protection-des-donnees-a-caractere-personnel\/"]}]},{"@type":"BreadcrumbList","@id":"https:\/\/shop.bednar.com\/fr\/protection-des-donnees-a-caractere-personnel\/#breadcrumb","itemListElement":[{"@type":"ListItem","position":1,"name":"Dom\u016f","item":"https:\/\/shop.bednar.com\/fr\/page-daccueil\/"},{"@type":"ListItem","position":2,"name":"PROTECTION DES DONN\u00c9ES \u00c0 CARACT\u00c8RE PERSONNEL"}]},{"@type":"WebSite","@id":"https:\/\/shop.bednar.com\/fr\/#website","url":"https:\/\/shop.bednar.com\/fr\/","name":"Shop BEDNAR FMT","description":"Kolekce propaga\u010dn\u00edch p\u0159edm\u011bt\u016f inovativn\u00edho v\u00fdrobce modern\u00edch zem\u011bd\u011blsk\u00fdch stroj\u016f","publisher":{"@id":"https:\/\/shop.bednar.com\/fr\/#organization"},"potentialAction":[{"@type":"SearchAction","target":{"@type":"EntryPoint","urlTemplate":"https:\/\/shop.bednar.com\/fr\/?s={search_term_string}"},"query-input":{"@type":"PropertyValueSpecification","valueRequired":true,"valueName":"search_term_string"}}],"inLanguage":"fr-FR"},{"@type":"Organization","@id":"https:\/\/shop.bednar.com\/fr\/#organization","name":"BEDNAR FMT","url":"https:\/\/shop.bednar.com\/fr\/","logo":{"@type":"ImageObject","inLanguage":"fr-FR","@id":"https:\/\/shop.bednar.com\/fr\/#\/schema\/logo\/image\/","url":"https:\/\/shop.bednar.com\/wp-content\/uploads\/2019\/10\/Logo_Bednar_Header-transparency.png","contentUrl":"https:\/\/shop.bednar.com\/wp-content\/uploads\/2019\/10\/Logo_Bednar_Header-transparency.png","width":190,"height":60,"caption":"BEDNAR FMT"},"image":{"@id":"https:\/\/shop.bednar.com\/fr\/#\/schema\/logo\/image\/"},"sameAs":["https:\/\/www.facebook.com\/BednarFarmMachinery","https:\/\/www.instagram.com\/bednarfmt\/","https:\/\/www.linkedin.com\/company\/bednar-fmt-s-r-o-\/","https:\/\/www.youtube.com\/channel\/UCLJXfzzR6E4CnyBEFUTAibQ"]}]}},"_links":{"self":[{"href":"https:\/\/shop.bednar.com\/fr\/wp-json\/wp\/v2\/pages\/4713","targetHints":{"allow":["GET"]}}],"collection":[{"href":"https:\/\/shop.bednar.com\/fr\/wp-json\/wp\/v2\/pages"}],"about":[{"href":"https:\/\/shop.bednar.com\/fr\/wp-json\/wp\/v2\/types\/page"}],"author":[{"embeddable":true,"href":"https:\/\/shop.bednar.com\/fr\/wp-json\/wp\/v2\/users\/1"}],"replies":[{"embeddable":true,"href":"https:\/\/shop.bednar.com\/fr\/wp-json\/wp\/v2\/comments?post=4713"}],"version-history":[{"count":0,"href":"https:\/\/shop.bednar.com\/fr\/wp-json\/wp\/v2\/pages\/4713\/revisions"}],"wp:attachment":[{"href":"https:\/\/shop.bednar.com\/fr\/wp-json\/wp\/v2\/media?parent=4713"}],"curies":[{"name":"wp","href":"https:\/\/api.w.org\/{rel}","templated":true}]}}