{"id":6008,"date":"2020-12-18T09:40:24","date_gmt":"2020-12-18T08:40:25","guid":{"rendered":"https:\/\/shop.bednar.com\/?post_type=product&#038;p=6008"},"modified":"2025-05-13T11:59:21","modified_gmt":"2025-05-13T09:59:21","slug":"softshell-work-pants-kopirovat","status":"publish","type":"product","link":"https:\/\/shop.bednar.com\/en\/product\/softshell-work-pants-kopirovat\/","title":{"rendered":"Work shorts"},"content":{"rendered":"<p>Gray-black work shorts with BEDNAR logos, material: 100% cotton, size 48-64<\/p>\n<p>\n<style type=\"text\/css\" data-created_by=\"avia_inline_auto\" id=\"style-css-av-8zwto-3b4f72881d6c7a3fde37c4e425627bc6\">\n.av_font_icon.av-8zwto-3b4f72881d6c7a3fde37c4e425627bc6 .av-icon-char{\nfont-size:20px;\nline-height:20px;\n}\n<\/style>\n<span  class='av_font_icon av-8zwto-3b4f72881d6c7a3fde37c4e425627bc6 avia_animate_when_visible av-icon-style- avia-icon-pos-left avia-iconfont avia-font-entypo-fontello av-no-color avia-icon-animate'><a href='https:\/\/shop.bednar.com\/wp-content\/uploads\/pdf\/cize_chart_clothes.pdf'  target=\"_blank\"  rel=\"noopener noreferrer\"  class='av-icon-char' data-av_icon='\ue82d' data-av_iconfont='entypo-fontello' aria-hidden=\"false\" ><\/a><\/span> <u><a href=\"https:\/\/shop.bednar.com\/wp-content\/uploads\/pdf\/cize_chart_clothes.pdf\" target=\"_blank\" rel=\"noopener noreferrer\">Size overview<\/a><\/u><\/p>\n","protected":false},"excerpt":{"rendered":"<p>Gray-black work shorts with BEDNAR logos, material: 100% cotton, size 48-64 Size overview<\/p>\n","protected":false},"featured_media":6134,"template":"","meta":{"inline_featured_image":false},"product_brand":[],"product_cat":[79],"product_tag":[],"class_list":{"0":"post-6008","1":"product","2":"type-product","3":"status-publish","4":"has-post-thumbnail","6":"product_cat-clothes","7":"pa_velikost-48-en","8":"pa_velikost-50-en","9":"pa_velikost-52-en","10":"pa_velikost-54-en","11":"pa_velikost-56-en","12":"pa_velikost-58-en","13":"pa_velikost-60-en","14":"pa_velikost-62-en","15":"pa_velikost-64-en","17":"first","18":"instock","19":"taxable","20":"shipping-taxable","21":"purchasable","22":"product-type-variable"},"yoast_head":"<!-- This site is optimized with the Yoast SEO plugin v25.0 - https:\/\/yoast.com\/wordpress\/plugins\/seo\/ -->\n<title>Work shorts | Shop BEDNAR FMT<\/title>\n<meta name=\"robots\" content=\"index, follow, max-snippet:-1, max-image-preview:large, max-video-preview:-1\" \/>\n<link rel=\"canonical\" href=\"https:\/\/shop.bednar.com\/en\/product\/softshell-work-pants-kopirovat\/\" \/>\n<meta property=\"og:locale\" content=\"en_US\" \/>\n<meta property=\"og:type\" content=\"article\" \/>\n<meta property=\"og:title\" content=\"Work shorts | Shop BEDNAR FMT\" \/>\n<meta property=\"og:description\" content=\"Gray-black work shorts with BEDNAR logos, material: 100% cotton, size 48-64 Size overview\" \/>\n<meta property=\"og:url\" content=\"https:\/\/shop.bednar.com\/en\/product\/softshell-work-pants-kopirovat\/\" \/>\n<meta property=\"og:site_name\" content=\"Shop BEDNAR FMT\" \/>\n<meta property=\"article:publisher\" content=\"https:\/\/www.facebook.com\/BednarFarmMachinery\" \/>\n<meta property=\"article:modified_time\" content=\"2025-05-13T09:59:21+00:00\" \/>\n<meta property=\"og:image\" content=\"https:\/\/shop.bednar.com\/wp-content\/uploads\/2020\/12\/Kratasy-Stretch_s-Logem_grey.jpg\" \/>\n\t<meta property=\"og:image:width\" content=\"1280\" \/>\n\t<meta property=\"og:image:height\" content=\"853\" \/>\n\t<meta property=\"og:image:type\" content=\"image\/jpeg\" \/>\n<meta name=\"twitter:card\" content=\"summary_large_image\" \/>\n<script type=\"application\/ld+json\" class=\"yoast-schema-graph\">{\"@context\":\"https:\/\/schema.org\",\"@graph\":[{\"@type\":\"WebPage\",\"@id\":\"https:\/\/shop.bednar.com\/en\/product\/softshell-work-pants-kopirovat\/\",\"url\":\"https:\/\/shop.bednar.com\/en\/product\/softshell-work-pants-kopirovat\/\",\"name\":\"Work shorts | Shop BEDNAR FMT\",\"isPartOf\":{\"@id\":\"https:\/\/shop.bednar.com\/en\/#website\"},\"primaryImageOfPage\":{\"@id\":\"https:\/\/shop.bednar.com\/en\/product\/softshell-work-pants-kopirovat\/#primaryimage\"},\"image\":{\"@id\":\"https:\/\/shop.bednar.com\/en\/product\/softshell-work-pants-kopirovat\/#primaryimage\"},\"thumbnailUrl\":\"https:\/\/shop.bednar.com\/wp-content\/uploads\/2020\/12\/Kratasy-Stretch_s-Logem_grey.jpg\",\"datePublished\":\"2020-12-18T08:40:25+00:00\",\"dateModified\":\"2025-05-13T09:59:21+00:00\",\"breadcrumb\":{\"@id\":\"https:\/\/shop.bednar.com\/en\/product\/softshell-work-pants-kopirovat\/#breadcrumb\"},\"inLanguage\":\"en-US\",\"potentialAction\":[{\"@type\":\"ReadAction\",\"target\":[\"https:\/\/shop.bednar.com\/en\/product\/softshell-work-pants-kopirovat\/\"]}]},{\"@type\":\"ImageObject\",\"inLanguage\":\"en-US\",\"@id\":\"https:\/\/shop.bednar.com\/en\/product\/softshell-work-pants-kopirovat\/#primaryimage\",\"url\":\"https:\/\/shop.bednar.com\/wp-content\/uploads\/2020\/12\/Kratasy-Stretch_s-Logem_grey.jpg\",\"contentUrl\":\"https:\/\/shop.bednar.com\/wp-content\/uploads\/2020\/12\/Kratasy-Stretch_s-Logem_grey.jpg\",\"width\":1280,\"height\":853,\"caption\":\"Bednar work shorts\"},{\"@type\":\"BreadcrumbList\",\"@id\":\"https:\/\/shop.bednar.com\/en\/product\/softshell-work-pants-kopirovat\/#breadcrumb\",\"itemListElement\":[{\"@type\":\"ListItem\",\"position\":1,\"name\":\"Dom\u016f\",\"item\":\"https:\/\/shop.bednar.com\/en\/homepage\/\"},{\"@type\":\"ListItem\",\"position\":2,\"name\":\"Products\",\"item\":\"https:\/\/shop.bednar.com\/en\/shop\/\"},{\"@type\":\"ListItem\",\"position\":3,\"name\":\"Work shorts\"}]},{\"@type\":\"WebSite\",\"@id\":\"https:\/\/shop.bednar.com\/en\/#website\",\"url\":\"https:\/\/shop.bednar.com\/en\/\",\"name\":\"Shop BEDNAR FMT\",\"description\":\"Kolekce propaga\u010dn\u00edch p\u0159edm\u011bt\u016f inovativn\u00edho v\u00fdrobce modern\u00edch zem\u011bd\u011blsk\u00fdch stroj\u016f\",\"publisher\":{\"@id\":\"https:\/\/shop.bednar.com\/en\/#organization\"},\"potentialAction\":[{\"@type\":\"SearchAction\",\"target\":{\"@type\":\"EntryPoint\",\"urlTemplate\":\"https:\/\/shop.bednar.com\/en\/?s={search_term_string}\"},\"query-input\":{\"@type\":\"PropertyValueSpecification\",\"valueRequired\":true,\"valueName\":\"search_term_string\"}}],\"inLanguage\":\"en-US\"},{\"@type\":\"Organization\",\"@id\":\"https:\/\/shop.bednar.com\/en\/#organization\",\"name\":\"BEDNAR FMT\",\"url\":\"https:\/\/shop.bednar.com\/en\/\",\"logo\":{\"@type\":\"ImageObject\",\"inLanguage\":\"en-US\",\"@id\":\"https:\/\/shop.bednar.com\/en\/#\/schema\/logo\/image\/\",\"url\":\"https:\/\/shop.bednar.com\/wp-content\/uploads\/2019\/10\/Logo_Bednar_Header-transparency.png\",\"contentUrl\":\"https:\/\/shop.bednar.com\/wp-content\/uploads\/2019\/10\/Logo_Bednar_Header-transparency.png\",\"width\":190,\"height\":60,\"caption\":\"BEDNAR FMT\"},\"image\":{\"@id\":\"https:\/\/shop.bednar.com\/en\/#\/schema\/logo\/image\/\"},\"sameAs\":[\"https:\/\/www.facebook.com\/BednarFarmMachinery\",\"https:\/\/www.instagram.com\/bednarfmt\/\",\"https:\/\/www.linkedin.com\/company\/bednar-fmt-s-r-o-\/\",\"https:\/\/www.youtube.com\/channel\/UCLJXfzzR6E4CnyBEFUTAibQ\"]}]}<\/script>\n<!-- \/ Yoast SEO plugin. -->","yoast_head_json":{"title":"Work shorts | Shop BEDNAR FMT","robots":{"index":"index","follow":"follow","max-snippet":"max-snippet:-1","max-image-preview":"max-image-preview:large","max-video-preview":"max-video-preview:-1"},"canonical":"https:\/\/shop.bednar.com\/en\/product\/softshell-work-pants-kopirovat\/","og_locale":"en_US","og_type":"article","og_title":"Work shorts | Shop BEDNAR FMT","og_description":"Gray-black work shorts with BEDNAR logos, material: 100% cotton, size 48-64 Size overview","og_url":"https:\/\/shop.bednar.com\/en\/product\/softshell-work-pants-kopirovat\/","og_site_name":"Shop BEDNAR FMT","article_publisher":"https:\/\/www.facebook.com\/BednarFarmMachinery","article_modified_time":"2025-05-13T09:59:21+00:00","og_image":[{"width":1280,"height":853,"url":"https:\/\/shop.bednar.com\/wp-content\/uploads\/2020\/12\/Kratasy-Stretch_s-Logem_grey.jpg","type":"image\/jpeg"}],"twitter_card":"summary_large_image","schema":{"@context":"https:\/\/schema.org","@graph":[{"@type":"WebPage","@id":"https:\/\/shop.bednar.com\/en\/product\/softshell-work-pants-kopirovat\/","url":"https:\/\/shop.bednar.com\/en\/product\/softshell-work-pants-kopirovat\/","name":"Work shorts | Shop BEDNAR FMT","isPartOf":{"@id":"https:\/\/shop.bednar.com\/en\/#website"},"primaryImageOfPage":{"@id":"https:\/\/shop.bednar.com\/en\/product\/softshell-work-pants-kopirovat\/#primaryimage"},"image":{"@id":"https:\/\/shop.bednar.com\/en\/product\/softshell-work-pants-kopirovat\/#primaryimage"},"thumbnailUrl":"https:\/\/shop.bednar.com\/wp-content\/uploads\/2020\/12\/Kratasy-Stretch_s-Logem_grey.jpg","datePublished":"2020-12-18T08:40:25+00:00","dateModified":"2025-05-13T09:59:21+00:00","breadcrumb":{"@id":"https:\/\/shop.bednar.com\/en\/product\/softshell-work-pants-kopirovat\/#breadcrumb"},"inLanguage":"en-US","potentialAction":[{"@type":"ReadAction","target":["https:\/\/shop.bednar.com\/en\/product\/softshell-work-pants-kopirovat\/"]}]},{"@type":"ImageObject","inLanguage":"en-US","@id":"https:\/\/shop.bednar.com\/en\/product\/softshell-work-pants-kopirovat\/#primaryimage","url":"https:\/\/shop.bednar.com\/wp-content\/uploads\/2020\/12\/Kratasy-Stretch_s-Logem_grey.jpg","contentUrl":"https:\/\/shop.bednar.com\/wp-content\/uploads\/2020\/12\/Kratasy-Stretch_s-Logem_grey.jpg","width":1280,"height":853,"caption":"Bednar work shorts"},{"@type":"BreadcrumbList","@id":"https:\/\/shop.bednar.com\/en\/product\/softshell-work-pants-kopirovat\/#breadcrumb","itemListElement":[{"@type":"ListItem","position":1,"name":"Dom\u016f","item":"https:\/\/shop.bednar.com\/en\/homepage\/"},{"@type":"ListItem","position":2,"name":"Products","item":"https:\/\/shop.bednar.com\/en\/shop\/"},{"@type":"ListItem","position":3,"name":"Work shorts"}]},{"@type":"WebSite","@id":"https:\/\/shop.bednar.com\/en\/#website","url":"https:\/\/shop.bednar.com\/en\/","name":"Shop BEDNAR FMT","description":"Kolekce propaga\u010dn\u00edch p\u0159edm\u011bt\u016f inovativn\u00edho v\u00fdrobce modern\u00edch zem\u011bd\u011blsk\u00fdch stroj\u016f","publisher":{"@id":"https:\/\/shop.bednar.com\/en\/#organization"},"potentialAction":[{"@type":"SearchAction","target":{"@type":"EntryPoint","urlTemplate":"https:\/\/shop.bednar.com\/en\/?s={search_term_string}"},"query-input":{"@type":"PropertyValueSpecification","valueRequired":true,"valueName":"search_term_string"}}],"inLanguage":"en-US"},{"@type":"Organization","@id":"https:\/\/shop.bednar.com\/en\/#organization","name":"BEDNAR FMT","url":"https:\/\/shop.bednar.com\/en\/","logo":{"@type":"ImageObject","inLanguage":"en-US","@id":"https:\/\/shop.bednar.com\/en\/#\/schema\/logo\/image\/","url":"https:\/\/shop.bednar.com\/wp-content\/uploads\/2019\/10\/Logo_Bednar_Header-transparency.png","contentUrl":"https:\/\/shop.bednar.com\/wp-content\/uploads\/2019\/10\/Logo_Bednar_Header-transparency.png","width":190,"height":60,"caption":"BEDNAR FMT"},"image":{"@id":"https:\/\/shop.bednar.com\/en\/#\/schema\/logo\/image\/"},"sameAs":["https:\/\/www.facebook.com\/BednarFarmMachinery","https:\/\/www.instagram.com\/bednarfmt\/","https:\/\/www.linkedin.com\/company\/bednar-fmt-s-r-o-\/","https:\/\/www.youtube.com\/channel\/UCLJXfzzR6E4CnyBEFUTAibQ"]}]}},"_links":{"self":[{"href":"https:\/\/shop.bednar.com\/en\/wp-json\/wp\/v2\/product\/6008","targetHints":{"allow":["GET"]}}],"collection":[{"href":"https:\/\/shop.bednar.com\/en\/wp-json\/wp\/v2\/product"}],"about":[{"href":"https:\/\/shop.bednar.com\/en\/wp-json\/wp\/v2\/types\/product"}],"wp:featuredmedia":[{"embeddable":true,"href":"https:\/\/shop.bednar.com\/en\/wp-json\/wp\/v2\/media\/6134"}],"wp:attachment":[{"href":"https:\/\/shop.bednar.com\/en\/wp-json\/wp\/v2\/media?parent=6008"}],"wp:term":[{"taxonomy":"product_brand","embeddable":true,"href":"https:\/\/shop.bednar.com\/en\/wp-json\/wp\/v2\/product_brand?post=6008"},{"taxonomy":"product_cat","embeddable":true,"href":"https:\/\/shop.bednar.com\/en\/wp-json\/wp\/v2\/product_cat?post=6008"},{"taxonomy":"product_tag","embeddable":true,"href":"https:\/\/shop.bednar.com\/en\/wp-json\/wp\/v2\/product_tag?post=6008"}],"curies":[{"name":"wp","href":"https:\/\/api.w.org\/{rel}","templated":true}]}}