{"id":2798,"date":"2019-12-17T13:14:58","date_gmt":"2019-12-17T12:14:58","guid":{"rendered":"https:\/\/shop.bednar.com\/sitemap\/"},"modified":"2019-12-17T13:14:58","modified_gmt":"2019-12-17T12:14:58","slug":"sitemap","status":"publish","type":"page","link":"https:\/\/shop.bednar.com\/en\/sitemap\/","title":{"rendered":"Sitemap"},"content":{"rendered":"<div class=\"kwayy-html-sitemap-wrapper\"><h2 class=\"kwayy-html-sitemap-post-title kwayy-page-title\">Pages<\/h2><ul class=\"kwayy-html-sitemap-post-list kwayy-page-list\"><ul><li><a href=\"https:\/\/shop.bednar.com\/en\/\">Homepage<\/a><\/li><li><a href=\"https:\/\/shop.bednar.com\/en\/complaints-procedure\/\">Complaints Procedure<\/a><\/li><li><a href=\"https:\/\/shop.bednar.com\/en\/terms-of-trade\/\">TERMS OF TRADE<\/a><\/li><li><a href=\"https:\/\/shop.bednar.com\/en\/principles-of-personal-data-protection\/\">PRINCIPLES OF PERSONAL DATA PROTECTION<\/a><\/li><li><a href=\"https:\/\/shop.bednar.com\/en\/payment-and-shipping\/\">Payment and shipping<\/a><\/li><li><a href=\"https:\/\/shop.bednar.com\/en\/shop\/\">Shop<\/a><\/li><li><a href=\"https:\/\/shop.bednar.com\/en\/cart\/\">Cart<\/a><\/li><li><a href=\"https:\/\/shop.bednar.com\/en\/checkout\/\">Checkout<\/a><\/li><li><a href=\"https:\/\/shop.bednar.com\/en\/my-account\/\">My Account<\/a><\/li><\/ul><\/ul><h2 class=\"kwayy-html-sitemap-post-title kwayy-product-title\">Products<\/h2><ul class=\"kwayy-html-sitemap-post-list kwayy-product-list\"><ul><li><a href=\"https:\/\/shop.bednar.com\/en\/product\/mens-t-shirt-farming-simulator\/\">MEN'S T-SHIRT \"FARMING SIMULATOR\"<\/a><\/li><li><a href=\"https:\/\/shop.bednar.com\/en\/product\/key-pouch\/\">Key Lanyard<\/a><\/li><li><a href=\"https:\/\/shop.bednar.com\/en\/product\/tear-off-pad\/\">Tear-off pad<\/a><\/li><li><a href=\"https:\/\/shop.bednar.com\/en\/product\/mens-work-jacket\/\">Work jacket<\/a><\/li><li><a href=\"https:\/\/shop.bednar.com\/en\/product\/mens-work-overalls\/\">Men\u2019s work overalls<\/a><\/li><li><a href=\"https:\/\/shop.bednar.com\/en\/product\/yellow-ballpoint-pen\/\">Yellow ballpoint pen<\/a><\/li><li><a href=\"https:\/\/shop.bednar.com\/en\/product\/usb-flash-disc\/\">USB Flash drive<\/a><\/li><li><a href=\"https:\/\/shop.bednar.com\/en\/product\/tape-measure\/\">Tape measure<\/a><\/li><li><a href=\"https:\/\/shop.bednar.com\/en\/product\/plastic-bag\/\">Plastic bag<\/a><\/li><li><a href=\"https:\/\/shop.bednar.com\/en\/product\/womens-omega-t-shirt\/\">Women's OMEGA T-shirt<\/a><\/li><li><a href=\"https:\/\/shop.bednar.com\/en\/product\/wall-clock\/\">Wall clock<\/a><\/li><li><a href=\"https:\/\/shop.bednar.com\/en\/product\/mens-t-shirt\/\">Men's T-shirt<\/a><\/li><li><a href=\"https:\/\/shop.bednar.com\/en\/product\/wooden-folding-rule\/\">Wooden folding ruler<\/a><\/li><li><a href=\"https:\/\/shop.bednar.com\/en\/product\/large-shopping-bag\/\">Large shopping bag<\/a><\/li><li><a href=\"https:\/\/shop.bednar.com\/en\/product\/bednar-brown-cap\/\">BEDNAR brown cap<\/a><\/li><li><a href=\"https:\/\/shop.bednar.com\/en\/product\/softshell-jacket-omega\/\">Softshell jacket OMEGA<\/a><\/li><li><a href=\"https:\/\/shop.bednar.com\/en\/product\/mens-polo-shirt-joy-of-farming\/\">Men's polo shirt BEDNAR<\/a><\/li><li><a href=\"https:\/\/shop.bednar.com\/en\/product\/mens-black-t-shirt\/\">Men's black T-shirt<\/a><\/li><li><a href=\"https:\/\/shop.bednar.com\/en\/product\/mens-t-shirt-joy-of-farming\/\">MEN'S T-SHIRT \u201cJOY OF FARMING\u201d<\/a><\/li><li><a href=\"https:\/\/shop.bednar.com\/en\/product\/mens-t-shirt-bednar-stamp\/\">Men's T-shirt \"BEDNAR STAMP\"<\/a><\/li><li><a href=\"https:\/\/shop.bednar.com\/en\/product\/silicone-bracelet\/\">Silicone bracelet<\/a><\/li><li><a href=\"https:\/\/shop.bednar.com\/en\/product\/softshell-work-pants-kopirovat\/\">Work shorts<\/a><\/li><li><a href=\"https:\/\/shop.bednar.com\/en\/product\/mens-t-shirt-back-to-roots\/\">Men\u2019s t-shirt \"BACK TO ROOTS\"<\/a><\/li><li><a href=\"https:\/\/shop.bednar.com\/en\/product\/mens-sweatshirt-bednar\/\">Men's sweatshirt \"BEDNAR\"<\/a><\/li><li><a href=\"https:\/\/shop.bednar.com\/en\/product\/white-polo-shirt\/\">White polo shirt<\/a><\/li><li><a href=\"https:\/\/shop.bednar.com\/en\/product\/womens-polo-shirt-joy-of-farming\/\">Women\u00b4s polo shirt \"JOY OF FARMING\"<\/a><\/li><li><a href=\"https:\/\/shop.bednar.com\/en\/product\/model-swifter-so-6000-f\/\">MODEL SWIFTER SO 6000 F<\/a><\/li><li><a href=\"https:\/\/shop.bednar.com\/en\/product\/mens-omega-t-shirt-kopirovat\/\">Women\u2019s polo shirt \u201eBEDNAR\u201c<\/a><\/li><li><a href=\"https:\/\/shop.bednar.com\/en\/product\/quilted-vest-bednar\/\">Quilted vest BEDNAR<\/a><\/li><li><a href=\"https:\/\/shop.bednar.com\/en\/product\/bednar-socks\/\">BEDNAR Socks<\/a><\/li><li><a href=\"https:\/\/shop.bednar.com\/en\/product\/card-game-find-a-double\/\">Card game \"FIND A DOUBLE!\"<\/a><\/li><li><a href=\"https:\/\/shop.bednar.com\/en\/product\/automatic-umbrella\/\">Automatic umbrella<\/a><\/li><li><a href=\"https:\/\/shop.bednar.com\/en\/product\/bednar-black-cap\/\">BEDNAR black cap<\/a><\/li><li><a href=\"https:\/\/shop.bednar.com\/en\/product\/mens-t-shirt-bednar-25-years-kopirovat\/\">MEN'S T-SHIRT \u201eBEDNAR 25 YEARS\u201c (Kop\u00edrovat)<\/a><\/li><li><a href=\"https:\/\/shop.bednar.com\/en\/product\/mens-softshell-pants\/\">Men's softshell pants<\/a><\/li><li><a href=\"https:\/\/shop.bednar.com\/en\/product\/model-kator-kn\/\">Model KATOR KN<\/a><\/li><li><a href=\"https:\/\/shop.bednar.com\/en\/product\/pin-24h-record\/\">Pin  \"24H RECORD\"<\/a><\/li><li><a href=\"https:\/\/shop.bednar.com\/en\/product\/mens-softshell-shorts\/\">Men's softshell shorts<\/a><\/li><li><a href=\"https:\/\/shop.bednar.com\/en\/product\/model-omega-oo-6000-fl\/\">Model OMEGA OO 6000 FL<\/a><\/li><li><a href=\"https:\/\/shop.bednar.com\/en\/product\/black-and-yellow-bednar-t-shirt\/\">Black and yellow BEDNAR T-shirt<\/a><\/li><\/ul><\/ul><\/div> <!-- .kwayy-html-sitemap-wrapper -->\n","protected":false},"excerpt":{"rendered":"","protected":false},"author":1,"featured_media":0,"parent":0,"menu_order":0,"comment_status":"closed","ping_status":"closed","template":"","meta":{"inline_featured_image":false,"footnotes":""},"class_list":["post-2798","page","type-page","status-publish","hentry"],"yoast_head":"<!-- This site is optimized with the Yoast SEO plugin v25.0 - https:\/\/yoast.com\/wordpress\/plugins\/seo\/ -->\n<title>Sitemap | Shop BEDNAR FMT<\/title>\n<meta name=\"robots\" content=\"index, follow, max-snippet:-1, max-image-preview:large, max-video-preview:-1\" \/>\n<link rel=\"canonical\" href=\"https:\/\/shop.bednar.com\/en\/sitemap\/\" \/>\n<meta property=\"og:locale\" content=\"en_US\" \/>\n<meta property=\"og:type\" content=\"article\" \/>\n<meta property=\"og:title\" content=\"Sitemap | Shop BEDNAR FMT\" \/>\n<meta property=\"og:url\" content=\"https:\/\/shop.bednar.com\/en\/sitemap\/\" \/>\n<meta property=\"og:site_name\" content=\"Shop BEDNAR FMT\" \/>\n<meta property=\"article:publisher\" content=\"https:\/\/www.facebook.com\/BednarFarmMachinery\" \/>\n<meta name=\"twitter:card\" content=\"summary_large_image\" \/>\n<script type=\"application\/ld+json\" class=\"yoast-schema-graph\">{\"@context\":\"https:\/\/schema.org\",\"@graph\":[{\"@type\":\"WebPage\",\"@id\":\"https:\/\/shop.bednar.com\/en\/sitemap\/\",\"url\":\"https:\/\/shop.bednar.com\/en\/sitemap\/\",\"name\":\"Sitemap | Shop BEDNAR FMT\",\"isPartOf\":{\"@id\":\"https:\/\/shop.bednar.com\/en\/#website\"},\"datePublished\":\"2019-12-17T12:14:58+00:00\",\"breadcrumb\":{\"@id\":\"https:\/\/shop.bednar.com\/en\/sitemap\/#breadcrumb\"},\"inLanguage\":\"en-US\",\"potentialAction\":[{\"@type\":\"ReadAction\",\"target\":[\"https:\/\/shop.bednar.com\/en\/sitemap\/\"]}]},{\"@type\":\"BreadcrumbList\",\"@id\":\"https:\/\/shop.bednar.com\/en\/sitemap\/#breadcrumb\",\"itemListElement\":[{\"@type\":\"ListItem\",\"position\":1,\"name\":\"Dom\u016f\",\"item\":\"https:\/\/shop.bednar.com\/en\/homepage\/\"},{\"@type\":\"ListItem\",\"position\":2,\"name\":\"Sitemap\"}]},{\"@type\":\"WebSite\",\"@id\":\"https:\/\/shop.bednar.com\/en\/#website\",\"url\":\"https:\/\/shop.bednar.com\/en\/\",\"name\":\"Shop BEDNAR FMT\",\"description\":\"Kolekce propaga\u010dn\u00edch p\u0159edm\u011bt\u016f inovativn\u00edho v\u00fdrobce modern\u00edch zem\u011bd\u011blsk\u00fdch stroj\u016f\",\"publisher\":{\"@id\":\"https:\/\/shop.bednar.com\/en\/#organization\"},\"potentialAction\":[{\"@type\":\"SearchAction\",\"target\":{\"@type\":\"EntryPoint\",\"urlTemplate\":\"https:\/\/shop.bednar.com\/en\/?s={search_term_string}\"},\"query-input\":{\"@type\":\"PropertyValueSpecification\",\"valueRequired\":true,\"valueName\":\"search_term_string\"}}],\"inLanguage\":\"en-US\"},{\"@type\":\"Organization\",\"@id\":\"https:\/\/shop.bednar.com\/en\/#organization\",\"name\":\"BEDNAR FMT\",\"url\":\"https:\/\/shop.bednar.com\/en\/\",\"logo\":{\"@type\":\"ImageObject\",\"inLanguage\":\"en-US\",\"@id\":\"https:\/\/shop.bednar.com\/en\/#\/schema\/logo\/image\/\",\"url\":\"https:\/\/shop.bednar.com\/wp-content\/uploads\/2019\/10\/Logo_Bednar_Header-transparency.png\",\"contentUrl\":\"https:\/\/shop.bednar.com\/wp-content\/uploads\/2019\/10\/Logo_Bednar_Header-transparency.png\",\"width\":190,\"height\":60,\"caption\":\"BEDNAR FMT\"},\"image\":{\"@id\":\"https:\/\/shop.bednar.com\/en\/#\/schema\/logo\/image\/\"},\"sameAs\":[\"https:\/\/www.facebook.com\/BednarFarmMachinery\",\"https:\/\/www.instagram.com\/bednarfmt\/\",\"https:\/\/www.linkedin.com\/company\/bednar-fmt-s-r-o-\/\",\"https:\/\/www.youtube.com\/channel\/UCLJXfzzR6E4CnyBEFUTAibQ\"]}]}<\/script>\n<!-- \/ Yoast SEO plugin. -->","yoast_head_json":{"title":"Sitemap | Shop BEDNAR FMT","robots":{"index":"index","follow":"follow","max-snippet":"max-snippet:-1","max-image-preview":"max-image-preview:large","max-video-preview":"max-video-preview:-1"},"canonical":"https:\/\/shop.bednar.com\/en\/sitemap\/","og_locale":"en_US","og_type":"article","og_title":"Sitemap | Shop BEDNAR FMT","og_url":"https:\/\/shop.bednar.com\/en\/sitemap\/","og_site_name":"Shop BEDNAR FMT","article_publisher":"https:\/\/www.facebook.com\/BednarFarmMachinery","twitter_card":"summary_large_image","schema":{"@context":"https:\/\/schema.org","@graph":[{"@type":"WebPage","@id":"https:\/\/shop.bednar.com\/en\/sitemap\/","url":"https:\/\/shop.bednar.com\/en\/sitemap\/","name":"Sitemap | Shop BEDNAR FMT","isPartOf":{"@id":"https:\/\/shop.bednar.com\/en\/#website"},"datePublished":"2019-12-17T12:14:58+00:00","breadcrumb":{"@id":"https:\/\/shop.bednar.com\/en\/sitemap\/#breadcrumb"},"inLanguage":"en-US","potentialAction":[{"@type":"ReadAction","target":["https:\/\/shop.bednar.com\/en\/sitemap\/"]}]},{"@type":"BreadcrumbList","@id":"https:\/\/shop.bednar.com\/en\/sitemap\/#breadcrumb","itemListElement":[{"@type":"ListItem","position":1,"name":"Dom\u016f","item":"https:\/\/shop.bednar.com\/en\/homepage\/"},{"@type":"ListItem","position":2,"name":"Sitemap"}]},{"@type":"WebSite","@id":"https:\/\/shop.bednar.com\/en\/#website","url":"https:\/\/shop.bednar.com\/en\/","name":"Shop BEDNAR FMT","description":"Kolekce propaga\u010dn\u00edch p\u0159edm\u011bt\u016f inovativn\u00edho v\u00fdrobce modern\u00edch zem\u011bd\u011blsk\u00fdch stroj\u016f","publisher":{"@id":"https:\/\/shop.bednar.com\/en\/#organization"},"potentialAction":[{"@type":"SearchAction","target":{"@type":"EntryPoint","urlTemplate":"https:\/\/shop.bednar.com\/en\/?s={search_term_string}"},"query-input":{"@type":"PropertyValueSpecification","valueRequired":true,"valueName":"search_term_string"}}],"inLanguage":"en-US"},{"@type":"Organization","@id":"https:\/\/shop.bednar.com\/en\/#organization","name":"BEDNAR FMT","url":"https:\/\/shop.bednar.com\/en\/","logo":{"@type":"ImageObject","inLanguage":"en-US","@id":"https:\/\/shop.bednar.com\/en\/#\/schema\/logo\/image\/","url":"https:\/\/shop.bednar.com\/wp-content\/uploads\/2019\/10\/Logo_Bednar_Header-transparency.png","contentUrl":"https:\/\/shop.bednar.com\/wp-content\/uploads\/2019\/10\/Logo_Bednar_Header-transparency.png","width":190,"height":60,"caption":"BEDNAR FMT"},"image":{"@id":"https:\/\/shop.bednar.com\/en\/#\/schema\/logo\/image\/"},"sameAs":["https:\/\/www.facebook.com\/BednarFarmMachinery","https:\/\/www.instagram.com\/bednarfmt\/","https:\/\/www.linkedin.com\/company\/bednar-fmt-s-r-o-\/","https:\/\/www.youtube.com\/channel\/UCLJXfzzR6E4CnyBEFUTAibQ"]}]}},"_links":{"self":[{"href":"https:\/\/shop.bednar.com\/en\/wp-json\/wp\/v2\/pages\/2798","targetHints":{"allow":["GET"]}}],"collection":[{"href":"https:\/\/shop.bednar.com\/en\/wp-json\/wp\/v2\/pages"}],"about":[{"href":"https:\/\/shop.bednar.com\/en\/wp-json\/wp\/v2\/types\/page"}],"author":[{"embeddable":true,"href":"https:\/\/shop.bednar.com\/en\/wp-json\/wp\/v2\/users\/1"}],"replies":[{"embeddable":true,"href":"https:\/\/shop.bednar.com\/en\/wp-json\/wp\/v2\/comments?post=2798"}],"version-history":[{"count":0,"href":"https:\/\/shop.bednar.com\/en\/wp-json\/wp\/v2\/pages\/2798\/revisions"}],"wp:attachment":[{"href":"https:\/\/shop.bednar.com\/en\/wp-json\/wp\/v2\/media?parent=2798"}],"curies":[{"name":"wp","href":"https:\/\/api.w.org\/{rel}","templated":true}]}}