{"id":25,"date":"2019-05-27T13:30:42","date_gmt":"2019-05-27T11:30:42","guid":{"rendered":"https:\/\/shop.bednar-machinery.com\/my-account\/"},"modified":"2023-07-14T10:43:04","modified_gmt":"2023-07-14T08:43:04","slug":"my-account","status":"publish","type":"page","link":"https:\/\/shop.bednar.com\/en\/my-account\/","title":{"rendered":"My Account"},"content":{"rendered":"<div class=\"woocommerce\"><\/div>","protected":false},"excerpt":{"rendered":"","protected":false},"author":1,"featured_media":0,"parent":0,"menu_order":0,"comment_status":"closed","ping_status":"closed","template":"","meta":{"inline_featured_image":false,"footnotes":""},"class_list":["post-25","page","type-page","status-publish","hentry"],"yoast_head":"<!-- This site is optimized with the Yoast SEO plugin v25.0 - https:\/\/yoast.com\/wordpress\/plugins\/seo\/ -->\n<title>My Account | Shop BEDNAR FMT<\/title>\n<meta name=\"robots\" content=\"index, follow, max-snippet:-1, max-image-preview:large, max-video-preview:-1\" \/>\n<link rel=\"canonical\" href=\"https:\/\/shop.bednar.com\/en\/my-account\/\" \/>\n<meta property=\"og:locale\" content=\"en_US\" \/>\n<meta property=\"og:type\" content=\"article\" \/>\n<meta property=\"og:title\" content=\"My Account | Shop BEDNAR FMT\" \/>\n<meta property=\"og:url\" content=\"https:\/\/shop.bednar.com\/en\/my-account\/\" \/>\n<meta property=\"og:site_name\" content=\"Shop BEDNAR FMT\" \/>\n<meta property=\"article:publisher\" content=\"https:\/\/www.facebook.com\/BednarFarmMachinery\" \/>\n<meta property=\"article:modified_time\" content=\"2023-07-14T08:43:04+00:00\" \/>\n<meta name=\"twitter:card\" content=\"summary_large_image\" \/>\n<script type=\"application\/ld+json\" class=\"yoast-schema-graph\">{\"@context\":\"https:\/\/schema.org\",\"@graph\":[{\"@type\":\"WebPage\",\"@id\":\"https:\/\/shop.bednar.com\/en\/my-account\/\",\"url\":\"https:\/\/shop.bednar.com\/en\/my-account\/\",\"name\":\"My Account | Shop BEDNAR FMT\",\"isPartOf\":{\"@id\":\"https:\/\/shop.bednar.com\/en\/#website\"},\"datePublished\":\"2019-05-27T11:30:42+00:00\",\"dateModified\":\"2023-07-14T08:43:04+00:00\",\"breadcrumb\":{\"@id\":\"https:\/\/shop.bednar.com\/en\/my-account\/#breadcrumb\"},\"inLanguage\":\"en-US\",\"potentialAction\":[{\"@type\":\"ReadAction\",\"target\":[\"https:\/\/shop.bednar.com\/en\/my-account\/\"]}]},{\"@type\":\"BreadcrumbList\",\"@id\":\"https:\/\/shop.bednar.com\/en\/my-account\/#breadcrumb\",\"itemListElement\":[{\"@type\":\"ListItem\",\"position\":1,\"name\":\"Dom\u016f\",\"item\":\"https:\/\/shop.bednar.com\/en\/homepage\/\"},{\"@type\":\"ListItem\",\"position\":2,\"name\":\"My Account\"}]},{\"@type\":\"WebSite\",\"@id\":\"https:\/\/shop.bednar.com\/en\/#website\",\"url\":\"https:\/\/shop.bednar.com\/en\/\",\"name\":\"Shop BEDNAR FMT\",\"description\":\"Kolekce propaga\u010dn\u00edch p\u0159edm\u011bt\u016f inovativn\u00edho v\u00fdrobce modern\u00edch zem\u011bd\u011blsk\u00fdch stroj\u016f\",\"publisher\":{\"@id\":\"https:\/\/shop.bednar.com\/en\/#organization\"},\"potentialAction\":[{\"@type\":\"SearchAction\",\"target\":{\"@type\":\"EntryPoint\",\"urlTemplate\":\"https:\/\/shop.bednar.com\/en\/?s={search_term_string}\"},\"query-input\":{\"@type\":\"PropertyValueSpecification\",\"valueRequired\":true,\"valueName\":\"search_term_string\"}}],\"inLanguage\":\"en-US\"},{\"@type\":\"Organization\",\"@id\":\"https:\/\/shop.bednar.com\/en\/#organization\",\"name\":\"BEDNAR FMT\",\"url\":\"https:\/\/shop.bednar.com\/en\/\",\"logo\":{\"@type\":\"ImageObject\",\"inLanguage\":\"en-US\",\"@id\":\"https:\/\/shop.bednar.com\/en\/#\/schema\/logo\/image\/\",\"url\":\"https:\/\/shop.bednar.com\/wp-content\/uploads\/2019\/10\/Logo_Bednar_Header-transparency.png\",\"contentUrl\":\"https:\/\/shop.bednar.com\/wp-content\/uploads\/2019\/10\/Logo_Bednar_Header-transparency.png\",\"width\":190,\"height\":60,\"caption\":\"BEDNAR FMT\"},\"image\":{\"@id\":\"https:\/\/shop.bednar.com\/en\/#\/schema\/logo\/image\/\"},\"sameAs\":[\"https:\/\/www.facebook.com\/BednarFarmMachinery\",\"https:\/\/www.instagram.com\/bednarfmt\/\",\"https:\/\/www.linkedin.com\/company\/bednar-fmt-s-r-o-\/\",\"https:\/\/www.youtube.com\/channel\/UCLJXfzzR6E4CnyBEFUTAibQ\"]}]}<\/script>\n<!-- \/ Yoast SEO plugin. -->","yoast_head_json":{"title":"My Account | Shop BEDNAR FMT","robots":{"index":"index","follow":"follow","max-snippet":"max-snippet:-1","max-image-preview":"max-image-preview:large","max-video-preview":"max-video-preview:-1"},"canonical":"https:\/\/shop.bednar.com\/en\/my-account\/","og_locale":"en_US","og_type":"article","og_title":"My Account | Shop BEDNAR FMT","og_url":"https:\/\/shop.bednar.com\/en\/my-account\/","og_site_name":"Shop BEDNAR FMT","article_publisher":"https:\/\/www.facebook.com\/BednarFarmMachinery","article_modified_time":"2023-07-14T08:43:04+00:00","twitter_card":"summary_large_image","schema":{"@context":"https:\/\/schema.org","@graph":[{"@type":"WebPage","@id":"https:\/\/shop.bednar.com\/en\/my-account\/","url":"https:\/\/shop.bednar.com\/en\/my-account\/","name":"My Account | Shop BEDNAR FMT","isPartOf":{"@id":"https:\/\/shop.bednar.com\/en\/#website"},"datePublished":"2019-05-27T11:30:42+00:00","dateModified":"2023-07-14T08:43:04+00:00","breadcrumb":{"@id":"https:\/\/shop.bednar.com\/en\/my-account\/#breadcrumb"},"inLanguage":"en-US","potentialAction":[{"@type":"ReadAction","target":["https:\/\/shop.bednar.com\/en\/my-account\/"]}]},{"@type":"BreadcrumbList","@id":"https:\/\/shop.bednar.com\/en\/my-account\/#breadcrumb","itemListElement":[{"@type":"ListItem","position":1,"name":"Dom\u016f","item":"https:\/\/shop.bednar.com\/en\/homepage\/"},{"@type":"ListItem","position":2,"name":"My Account"}]},{"@type":"WebSite","@id":"https:\/\/shop.bednar.com\/en\/#website","url":"https:\/\/shop.bednar.com\/en\/","name":"Shop BEDNAR FMT","description":"Kolekce propaga\u010dn\u00edch p\u0159edm\u011bt\u016f inovativn\u00edho v\u00fdrobce modern\u00edch zem\u011bd\u011blsk\u00fdch stroj\u016f","publisher":{"@id":"https:\/\/shop.bednar.com\/en\/#organization"},"potentialAction":[{"@type":"SearchAction","target":{"@type":"EntryPoint","urlTemplate":"https:\/\/shop.bednar.com\/en\/?s={search_term_string}"},"query-input":{"@type":"PropertyValueSpecification","valueRequired":true,"valueName":"search_term_string"}}],"inLanguage":"en-US"},{"@type":"Organization","@id":"https:\/\/shop.bednar.com\/en\/#organization","name":"BEDNAR FMT","url":"https:\/\/shop.bednar.com\/en\/","logo":{"@type":"ImageObject","inLanguage":"en-US","@id":"https:\/\/shop.bednar.com\/en\/#\/schema\/logo\/image\/","url":"https:\/\/shop.bednar.com\/wp-content\/uploads\/2019\/10\/Logo_Bednar_Header-transparency.png","contentUrl":"https:\/\/shop.bednar.com\/wp-content\/uploads\/2019\/10\/Logo_Bednar_Header-transparency.png","width":190,"height":60,"caption":"BEDNAR FMT"},"image":{"@id":"https:\/\/shop.bednar.com\/en\/#\/schema\/logo\/image\/"},"sameAs":["https:\/\/www.facebook.com\/BednarFarmMachinery","https:\/\/www.instagram.com\/bednarfmt\/","https:\/\/www.linkedin.com\/company\/bednar-fmt-s-r-o-\/","https:\/\/www.youtube.com\/channel\/UCLJXfzzR6E4CnyBEFUTAibQ"]}]}},"_links":{"self":[{"href":"https:\/\/shop.bednar.com\/en\/wp-json\/wp\/v2\/pages\/25","targetHints":{"allow":["GET"]}}],"collection":[{"href":"https:\/\/shop.bednar.com\/en\/wp-json\/wp\/v2\/pages"}],"about":[{"href":"https:\/\/shop.bednar.com\/en\/wp-json\/wp\/v2\/types\/page"}],"author":[{"embeddable":true,"href":"https:\/\/shop.bednar.com\/en\/wp-json\/wp\/v2\/users\/1"}],"replies":[{"embeddable":true,"href":"https:\/\/shop.bednar.com\/en\/wp-json\/wp\/v2\/comments?post=25"}],"version-history":[{"count":3,"href":"https:\/\/shop.bednar.com\/en\/wp-json\/wp\/v2\/pages\/25\/revisions"}],"predecessor-version":[{"id":8263,"href":"https:\/\/shop.bednar.com\/en\/wp-json\/wp\/v2\/pages\/25\/revisions\/8263"}],"wp:attachment":[{"href":"https:\/\/shop.bednar.com\/en\/wp-json\/wp\/v2\/media?parent=25"}],"curies":[{"name":"wp","href":"https:\/\/api.w.org\/{rel}","templated":true}]}}